{"id":828,"date":"2024-03-13T09:11:24","date_gmt":"2024-03-13T09:11:24","guid":{"rendered":"https:\/\/www.packfilm.com.ec\/?page_id=828"},"modified":"2024-03-13T10:30:27","modified_gmt":"2024-03-13T10:30:27","slug":"envolvedora-de-stretch","status":"publish","type":"page","link":"https:\/\/www.packfilm.com.ec\/?page_id=828","title":{"rendered":"Envolvedora de Stretch"},"content":{"rendered":"\t\t<div data-elementor-type=\"wp-page\" data-elementor-id=\"828\" class=\"elementor elementor-828\">\n\t\t\t\t\t\t<section class=\"elementor-section elementor-top-section elementor-element elementor-element-8610b38 elementor-section-full_width elementor-section-stretched elementor-section-height-default elementor-section-height-default\" data-id=\"8610b38\" data-element_type=\"section\" data-settings=\"{&quot;stretch_section&quot;:&quot;section-stretched&quot;,&quot;background_background&quot;:&quot;classic&quot;}\">\n\t\t\t\t\t\t\t<div class=\"elementor-background-overlay\"><\/div>\n\t\t\t\t\t\t\t<div class=\"elementor-container elementor-column-gap-default\">\n\t\t\t\t\t<div class=\"aux-parallax-section elementor-column elementor-col-100 elementor-top-column elementor-element elementor-element-088d65c\" data-id=\"088d65c\" data-element_type=\"column\" data-settings=\"{&quot;background_background&quot;:&quot;gradient&quot;}\">\n\t\t\t<div class=\"elementor-widget-wrap elementor-element-populated\">\n\t\t\t\t\t\t<div class=\"elementor-element elementor-element-123f21f elementor-widget elementor-widget-heading\" data-id=\"123f21f\" data-element_type=\"widget\" data-widget_type=\"heading.default\">\n\t\t\t\t<div class=\"elementor-widget-container\">\n\t\t\t<h1 class=\"elementor-heading-title elementor-size-default\">ENVOLVEDORA DE STRETCH<\/h1>\t\t<\/div>\n\t\t\t\t<\/div>\n\t\t\t\t\t<\/div>\n\t\t<\/div>\n\t\t\t\t\t<\/div>\n\t\t<\/section>\n\t\t\t\t<section class=\"elementor-section elementor-top-section elementor-element elementor-element-58e9d2b elementor-section-boxed elementor-section-height-default elementor-section-height-default\" data-id=\"58e9d2b\" data-element_type=\"section\">\n\t\t\t\t\t\t<div class=\"elementor-container elementor-column-gap-default\">\n\t\t\t\t\t<div class=\"aux-parallax-section elementor-column elementor-col-33 elementor-top-column elementor-element elementor-element-ac283e0\" data-id=\"ac283e0\" data-element_type=\"column\">\n\t\t\t<div class=\"elementor-widget-wrap elementor-element-populated\">\n\t\t\t\t\t\t<div class=\"elementor-element elementor-element-3fe4261 elementor-widget elementor-widget-video\" data-id=\"3fe4261\" data-element_type=\"widget\" data-settings=\"{&quot;video_type&quot;:&quot;hosted&quot;,&quot;autoplay&quot;:&quot;yes&quot;,&quot;controls&quot;:&quot;yes&quot;}\" data-widget_type=\"video.default\">\n\t\t\t\t<div class=\"elementor-widget-container\">\n\t\t\t\t\t<div class=\"e-hosted-video elementor-wrapper elementor-open-inline\">\n\t\t\t\t\t<video class=\"elementor-video\" src=\"https:\/\/www.packfilm.com.ec\/wp-content\/uploads\/2024\/03\/ENVOLVEDORA-PALETIZADORA-PARA-PAQUETES-CAJAS-Y-VALIJAS.mp4\" autoplay=\"\" controls=\"\" controlsList=\"nodownload\"><\/video>\n\t\t\t\t<\/div>\n\t\t\t\t<\/div>\n\t\t\t\t<\/div>\n\t\t\t\t\t<\/div>\n\t\t<\/div>\n\t\t\t\t<div class=\"aux-parallax-section elementor-column elementor-col-33 elementor-top-column elementor-element elementor-element-9745a90\" data-id=\"9745a90\" data-element_type=\"column\">\n\t\t\t<div class=\"elementor-widget-wrap elementor-element-populated\">\n\t\t\t\t\t\t<div class=\"elementor-element elementor-element-e792345 elementor-widget elementor-widget-text-editor\" data-id=\"e792345\" data-element_type=\"widget\" data-widget_type=\"text-editor.default\">\n\t\t\t\t<div class=\"elementor-widget-container\">\n\t\t\t\t\t\t\t<p><span style=\"font-family: Helvetica, 'sans-serif'; font-size: 16px;\">M\u00e1quina de envolver con tarjeta electr\u00f3nica y un teclado digital, inversor para controlar el arranque progresivo y velocidad de rotaci\u00f3n de la placa giratoria<\/span><\/p>\t\t\t\t\t\t<\/div>\n\t\t\t\t<\/div>\n\t\t\t\t\t<\/div>\n\t\t<\/div>\n\t\t\t\t<div class=\"aux-parallax-section elementor-column elementor-col-33 elementor-top-column elementor-element elementor-element-ebc6c7a\" data-id=\"ebc6c7a\" data-element_type=\"column\">\n\t\t\t<div class=\"elementor-widget-wrap elementor-element-populated\">\n\t\t\t\t\t\t<div class=\"elementor-element elementor-element-3166832 elementor-widget elementor-widget-image\" data-id=\"3166832\" data-element_type=\"widget\" data-widget_type=\"image.default\">\n\t\t\t\t<div class=\"elementor-widget-container\">\n\t\t\t\t\t\t\t\t\t\t\t\t\t<img fetchpriority=\"high\" decoding=\"async\" width=\"800\" height=\"940\" src=\"https:\/\/www.packfilm.com.ec\/wp-content\/uploads\/2024\/03\/63_gra_cento.jpg\" class=\"attachment-large size-large wp-image-869\" alt=\"\" srcset=\"https:\/\/www.packfilm.com.ec\/wp-content\/uploads\/2024\/03\/63_gra_cento.jpg 800w, https:\/\/www.packfilm.com.ec\/wp-content\/uploads\/2024\/03\/63_gra_cento-200x235.jpg 200w, https:\/\/www.packfilm.com.ec\/wp-content\/uploads\/2024\/03\/63_gra_cento-600x705.jpg 600w\" sizes=\"(max-width: 800px) 100vw, 800px\" \/>\t\t\t\t\t\t\t\t\t\t\t\t\t<\/div>\n\t\t\t\t<\/div>\n\t\t\t\t\t<\/div>\n\t\t<\/div>\n\t\t\t\t\t<\/div>\n\t\t<\/section>\n\t\t\t\t<\/div>\n\t\t","protected":false},"excerpt":{"rendered":"<p>ENVOLVEDORA DE STRETCH https:\/\/www.packfilm.com.ec\/wp-content\/uploads\/2024\/03\/ENVOLVEDORA-PALETIZADORA-PARA-PAQUETES-CAJAS-Y-VALIJAS.mp4 M\u00e1quina de envolver con tarjeta electr\u00f3nica y un teclado digital, inversor para controlar el arranque progresivo y velocidad de rotaci\u00f3n de la placa giratoria<\/p>\n","protected":false},"author":1,"featured_media":0,"parent":0,"menu_order":0,"comment_status":"closed","ping_status":"closed","template":"","meta":{"content-type":"","footnotes":""},"class_list":["post-828","page","type-page","status-publish","hentry"],"yoast_head":"<!-- This site is optimized with the Yoast SEO plugin v21.9.1 - https:\/\/yoast.com\/wordpress\/plugins\/seo\/ -->\n<title>Envolvedora de Stretch - Pack Film<\/title>\n<meta name=\"robots\" content=\"index, follow, max-snippet:-1, max-image-preview:large, max-video-preview:-1\" \/>\n<link rel=\"canonical\" href=\"https:\/\/www.packfilm.com.ec\/?page_id=828\" \/>\n<meta property=\"og:locale\" content=\"es_ES\" \/>\n<meta property=\"og:type\" content=\"article\" \/>\n<meta property=\"og:title\" content=\"Envolvedora de Stretch - Pack Film\" \/>\n<meta property=\"og:description\" content=\"ENVOLVEDORA DE STRETCH https:\/\/www.packfilm.com.ec\/wp-content\/uploads\/2024\/03\/ENVOLVEDORA-PALETIZADORA-PARA-PAQUETES-CAJAS-Y-VALIJAS.mp4 M\u00e1quina de envolver con tarjeta electr\u00f3nica y un teclado digital, inversor para controlar el arranque progresivo y velocidad de rotaci\u00f3n de la placa giratoria\" \/>\n<meta property=\"og:url\" content=\"https:\/\/www.packfilm.com.ec\/?page_id=828\" \/>\n<meta property=\"og:site_name\" content=\"Pack Film\" \/>\n<meta property=\"article:modified_time\" content=\"2024-03-13T10:30:27+00:00\" \/>\n<meta property=\"og:image\" content=\"https:\/\/www.packfilm.com.ec\/wp-content\/uploads\/2024\/03\/63_gra_cento.jpg\" \/>\n<meta name=\"twitter:card\" content=\"summary_large_image\" \/>\n<meta name=\"twitter:label1\" content=\"Tiempo de lectura\" \/>\n\t<meta name=\"twitter:data1\" content=\"1 minuto\" \/>\n<script type=\"application\/ld+json\" class=\"yoast-schema-graph\">{\"@context\":\"https:\/\/schema.org\",\"@graph\":[{\"@type\":\"WebPage\",\"@id\":\"https:\/\/www.packfilm.com.ec\/?page_id=828\",\"url\":\"https:\/\/www.packfilm.com.ec\/?page_id=828\",\"name\":\"Envolvedora de Stretch - Pack Film\",\"isPartOf\":{\"@id\":\"https:\/\/www.packfilm.com.ec\/#website\"},\"datePublished\":\"2024-03-13T09:11:24+00:00\",\"dateModified\":\"2024-03-13T10:30:27+00:00\",\"breadcrumb\":{\"@id\":\"https:\/\/www.packfilm.com.ec\/?page_id=828#breadcrumb\"},\"inLanguage\":\"es\",\"potentialAction\":[{\"@type\":\"ReadAction\",\"target\":[\"https:\/\/www.packfilm.com.ec\/?page_id=828\"]}]},{\"@type\":\"BreadcrumbList\",\"@id\":\"https:\/\/www.packfilm.com.ec\/?page_id=828#breadcrumb\",\"itemListElement\":[{\"@type\":\"ListItem\",\"position\":1,\"name\":\"Home\",\"item\":\"https:\/\/www.packfilm.com.ec\/\"},{\"@type\":\"ListItem\",\"position\":2,\"name\":\"Envolvedora de Stretch\"}]},{\"@type\":\"WebSite\",\"@id\":\"https:\/\/www.packfilm.com.ec\/#website\",\"url\":\"https:\/\/www.packfilm.com.ec\/\",\"name\":\"Pack Film\",\"description\":\"La Versatilidad De Un Producto En M\u00faltiples Aplicaciones\",\"publisher\":{\"@id\":\"https:\/\/www.packfilm.com.ec\/#organization\"},\"potentialAction\":[{\"@type\":\"SearchAction\",\"target\":{\"@type\":\"EntryPoint\",\"urlTemplate\":\"https:\/\/www.packfilm.com.ec\/?s={search_term_string}\"},\"query-input\":\"required name=search_term_string\"}],\"inLanguage\":\"es\"},{\"@type\":\"Organization\",\"@id\":\"https:\/\/www.packfilm.com.ec\/#organization\",\"name\":\"Pack Film\",\"url\":\"https:\/\/www.packfilm.com.ec\/\",\"logo\":{\"@type\":\"ImageObject\",\"inLanguage\":\"es\",\"@id\":\"https:\/\/www.packfilm.com.ec\/#\/schema\/logo\/image\/\",\"url\":\"https:\/\/www.packfilm.com.ec\/wp-content\/uploads\/2024\/03\/cropped-logo-web2.png\",\"contentUrl\":\"https:\/\/www.packfilm.com.ec\/wp-content\/uploads\/2024\/03\/cropped-logo-web2.png\",\"width\":220,\"height\":125,\"caption\":\"Pack Film\"},\"image\":{\"@id\":\"https:\/\/www.packfilm.com.ec\/#\/schema\/logo\/image\/\"}}]}<\/script>\n<!-- \/ Yoast SEO plugin. -->","yoast_head_json":{"title":"Envolvedora de Stretch - Pack Film","robots":{"index":"index","follow":"follow","max-snippet":"max-snippet:-1","max-image-preview":"max-image-preview:large","max-video-preview":"max-video-preview:-1"},"canonical":"https:\/\/www.packfilm.com.ec\/?page_id=828","og_locale":"es_ES","og_type":"article","og_title":"Envolvedora de Stretch - Pack Film","og_description":"ENVOLVEDORA DE STRETCH https:\/\/www.packfilm.com.ec\/wp-content\/uploads\/2024\/03\/ENVOLVEDORA-PALETIZADORA-PARA-PAQUETES-CAJAS-Y-VALIJAS.mp4 M\u00e1quina de envolver con tarjeta electr\u00f3nica y un teclado digital, inversor para controlar el arranque progresivo y velocidad de rotaci\u00f3n de la placa giratoria","og_url":"https:\/\/www.packfilm.com.ec\/?page_id=828","og_site_name":"Pack Film","article_modified_time":"2024-03-13T10:30:27+00:00","og_image":[{"url":"https:\/\/www.packfilm.com.ec\/wp-content\/uploads\/2024\/03\/63_gra_cento.jpg"}],"twitter_card":"summary_large_image","twitter_misc":{"Tiempo de lectura":"1 minuto"},"schema":{"@context":"https:\/\/schema.org","@graph":[{"@type":"WebPage","@id":"https:\/\/www.packfilm.com.ec\/?page_id=828","url":"https:\/\/www.packfilm.com.ec\/?page_id=828","name":"Envolvedora de Stretch - Pack Film","isPartOf":{"@id":"https:\/\/www.packfilm.com.ec\/#website"},"datePublished":"2024-03-13T09:11:24+00:00","dateModified":"2024-03-13T10:30:27+00:00","breadcrumb":{"@id":"https:\/\/www.packfilm.com.ec\/?page_id=828#breadcrumb"},"inLanguage":"es","potentialAction":[{"@type":"ReadAction","target":["https:\/\/www.packfilm.com.ec\/?page_id=828"]}]},{"@type":"BreadcrumbList","@id":"https:\/\/www.packfilm.com.ec\/?page_id=828#breadcrumb","itemListElement":[{"@type":"ListItem","position":1,"name":"Home","item":"https:\/\/www.packfilm.com.ec\/"},{"@type":"ListItem","position":2,"name":"Envolvedora de Stretch"}]},{"@type":"WebSite","@id":"https:\/\/www.packfilm.com.ec\/#website","url":"https:\/\/www.packfilm.com.ec\/","name":"Pack Film","description":"La Versatilidad De Un Producto En M\u00faltiples Aplicaciones","publisher":{"@id":"https:\/\/www.packfilm.com.ec\/#organization"},"potentialAction":[{"@type":"SearchAction","target":{"@type":"EntryPoint","urlTemplate":"https:\/\/www.packfilm.com.ec\/?s={search_term_string}"},"query-input":"required name=search_term_string"}],"inLanguage":"es"},{"@type":"Organization","@id":"https:\/\/www.packfilm.com.ec\/#organization","name":"Pack Film","url":"https:\/\/www.packfilm.com.ec\/","logo":{"@type":"ImageObject","inLanguage":"es","@id":"https:\/\/www.packfilm.com.ec\/#\/schema\/logo\/image\/","url":"https:\/\/www.packfilm.com.ec\/wp-content\/uploads\/2024\/03\/cropped-logo-web2.png","contentUrl":"https:\/\/www.packfilm.com.ec\/wp-content\/uploads\/2024\/03\/cropped-logo-web2.png","width":220,"height":125,"caption":"Pack Film"},"image":{"@id":"https:\/\/www.packfilm.com.ec\/#\/schema\/logo\/image\/"}}]}},"_links":{"self":[{"href":"https:\/\/www.packfilm.com.ec\/index.php?rest_route=\/wp\/v2\/pages\/828","targetHints":{"allow":["GET"]}}],"collection":[{"href":"https:\/\/www.packfilm.com.ec\/index.php?rest_route=\/wp\/v2\/pages"}],"about":[{"href":"https:\/\/www.packfilm.com.ec\/index.php?rest_route=\/wp\/v2\/types\/page"}],"author":[{"embeddable":true,"href":"https:\/\/www.packfilm.com.ec\/index.php?rest_route=\/wp\/v2\/users\/1"}],"replies":[{"embeddable":true,"href":"https:\/\/www.packfilm.com.ec\/index.php?rest_route=%2Fwp%2Fv2%2Fcomments&post=828"}],"version-history":[{"count":16,"href":"https:\/\/www.packfilm.com.ec\/index.php?rest_route=\/wp\/v2\/pages\/828\/revisions"}],"predecessor-version":[{"id":879,"href":"https:\/\/www.packfilm.com.ec\/index.php?rest_route=\/wp\/v2\/pages\/828\/revisions\/879"}],"wp:attachment":[{"href":"https:\/\/www.packfilm.com.ec\/index.php?rest_route=%2Fwp%2Fv2%2Fmedia&parent=828"}],"curies":[{"name":"wp","href":"https:\/\/api.w.org\/{rel}","templated":true}]}}