{"id":826,"date":"2024-03-13T09:05:40","date_gmt":"2024-03-13T09:05:40","guid":{"rendered":"https:\/\/www.packfilm.com.ec\/?page_id=826"},"modified":"2024-03-13T10:50:11","modified_gmt":"2024-03-13T10:50:11","slug":"dispensadores-de-cinta","status":"publish","type":"page","link":"https:\/\/www.packfilm.com.ec\/?page_id=826","title":{"rendered":"Dispensadores de Cinta"},"content":{"rendered":"\t\t<div data-elementor-type=\"wp-page\" data-elementor-id=\"826\" class=\"elementor elementor-826\">\n\t\t\t\t\t\t<section class=\"elementor-section elementor-top-section elementor-element elementor-element-961afa5 elementor-section-full_width elementor-section-stretched elementor-section-height-default elementor-section-height-default\" data-id=\"961afa5\" data-element_type=\"section\" data-settings=\"{&quot;stretch_section&quot;:&quot;section-stretched&quot;,&quot;background_background&quot;:&quot;classic&quot;}\">\n\t\t\t\t\t\t<div class=\"elementor-container elementor-column-gap-default\">\n\t\t\t\t\t<div class=\"aux-parallax-section elementor-column elementor-col-100 elementor-top-column elementor-element elementor-element-d5634f3\" data-id=\"d5634f3\" data-element_type=\"column\">\n\t\t\t<div class=\"elementor-widget-wrap elementor-element-populated\">\n\t\t\t\t\t\t<div class=\"elementor-element elementor-element-6207753 elementor-widget elementor-widget-heading\" data-id=\"6207753\" data-element_type=\"widget\" data-widget_type=\"heading.default\">\n\t\t\t\t<div class=\"elementor-widget-container\">\n\t\t\t<h1 class=\"elementor-heading-title elementor-size-default\">DISPENSADORES DE CINTAS<\/h1>\t\t<\/div>\n\t\t\t\t<\/div>\n\t\t\t\t\t<\/div>\n\t\t<\/div>\n\t\t\t\t\t<\/div>\n\t\t<\/section>\n\t\t\t\t<section class=\"elementor-section elementor-top-section elementor-element elementor-element-389ae5d elementor-section-boxed elementor-section-height-default elementor-section-height-default\" data-id=\"389ae5d\" data-element_type=\"section\">\n\t\t\t\t\t\t<div class=\"elementor-container elementor-column-gap-default\">\n\t\t\t\t\t<div class=\"aux-parallax-section elementor-column elementor-col-33 elementor-top-column elementor-element elementor-element-2209254\" data-id=\"2209254\" data-element_type=\"column\">\n\t\t\t<div class=\"elementor-widget-wrap elementor-element-populated\">\n\t\t\t\t\t\t<div class=\"elementor-element elementor-element-cabe835 elementor-widget elementor-widget-text-editor\" data-id=\"cabe835\" data-element_type=\"widget\" data-widget_type=\"text-editor.default\">\n\t\t\t\t<div class=\"elementor-widget-container\">\n\t\t\t\t\t\t\t<p><strong>CARACTERISTICAS<\/strong><br \/><strong>DE DISPENSADOR SE CINTAS DE EMBALAJE<\/strong><\/p><p>Un dispensador de<br \/>cinta adhesiva es una herramienta de embalaje muy sencilla y \u00fatil para ahorrar para cerrar nuestras cajas o productos.<\/p><p>Ya sea para el cerrado de cajas como protecci\u00f3n de los productos para su env\u00edo, transporte o almacenamiento en un almac\u00e9n.<\/p><p>El dispensador dispone de un soporte de bobina, un mango y una cuchilla, la cual permite cortar el precinto una vez aplicado.<\/p><p>En log\u00edstica, f\u00e1bricas de productos o plantas de envasado son los principales sectores que m\u00e1s dispensadores utilizan.<\/p><p>Aunque tambi\u00e9n son utilizados en hogares y oficinas para el precintado de cajas de documentos o en mudanzas.<\/p><p>Son muy pr\u00e1cticos, econ\u00f3micos y nos ayudan a ahorrar tiempo y dinero en el precintado manual de nuestros productos.<\/p>\t\t\t\t\t\t<\/div>\n\t\t\t\t<\/div>\n\t\t\t\t\t<\/div>\n\t\t<\/div>\n\t\t\t\t<div class=\"aux-parallax-section elementor-column elementor-col-33 elementor-top-column elementor-element elementor-element-45d1ae7\" data-id=\"45d1ae7\" data-element_type=\"column\">\n\t\t\t<div class=\"elementor-widget-wrap elementor-element-populated\">\n\t\t\t\t\t\t<div class=\"elementor-element elementor-element-ad32c19 elementor-widget elementor-widget-image\" data-id=\"ad32c19\" data-element_type=\"widget\" data-widget_type=\"image.default\">\n\t\t\t\t<div class=\"elementor-widget-container\">\n\t\t\t\t\t\t\t\t\t\t\t\t\t<img fetchpriority=\"high\" decoding=\"async\" width=\"1030\" height=\"1030\" src=\"https:\/\/www.packfilm.com.ec\/wp-content\/uploads\/2024\/03\/DISPENSADOR-CINTA-DE-EMBALAR-1030x1030.jpg\" class=\"attachment-large size-large wp-image-884\" alt=\"\" srcset=\"https:\/\/www.packfilm.com.ec\/wp-content\/uploads\/2024\/03\/DISPENSADOR-CINTA-DE-EMBALAR-1030x1030.jpg 1030w, https:\/\/www.packfilm.com.ec\/wp-content\/uploads\/2024\/03\/DISPENSADOR-CINTA-DE-EMBALAR-300x300.jpg 300w, https:\/\/www.packfilm.com.ec\/wp-content\/uploads\/2024\/03\/DISPENSADOR-CINTA-DE-EMBALAR-80x80.jpg 80w, https:\/\/www.packfilm.com.ec\/wp-content\/uploads\/2024\/03\/DISPENSADOR-CINTA-DE-EMBALAR-768x768.jpg 768w, https:\/\/www.packfilm.com.ec\/wp-content\/uploads\/2024\/03\/DISPENSADOR-CINTA-DE-EMBALAR-200x200.jpg 200w, https:\/\/www.packfilm.com.ec\/wp-content\/uploads\/2024\/03\/DISPENSADOR-CINTA-DE-EMBALAR-600x600.jpg 600w, https:\/\/www.packfilm.com.ec\/wp-content\/uploads\/2024\/03\/DISPENSADOR-CINTA-DE-EMBALAR-100x100.jpg 100w, https:\/\/www.packfilm.com.ec\/wp-content\/uploads\/2024\/03\/DISPENSADOR-CINTA-DE-EMBALAR.jpg 1200w\" sizes=\"(max-width: 1030px) 100vw, 1030px\" \/>\t\t\t\t\t\t\t\t\t\t\t\t\t<\/div>\n\t\t\t\t<\/div>\n\t\t\t\t\t<\/div>\n\t\t<\/div>\n\t\t\t\t<div class=\"aux-parallax-section elementor-column elementor-col-33 elementor-top-column elementor-element elementor-element-bffcbd7\" data-id=\"bffcbd7\" data-element_type=\"column\">\n\t\t\t<div class=\"elementor-widget-wrap elementor-element-populated\">\n\t\t\t\t\t\t<div class=\"elementor-element elementor-element-80e4015 elementor-widget elementor-widget-text-editor\" data-id=\"80e4015\" data-element_type=\"widget\" data-widget_type=\"text-editor.default\">\n\t\t\t\t<div class=\"elementor-widget-container\">\n\t\t\t\t\t\t\t<p><strong>Ventajas de un dispensador de cinta adhesiva<\/strong><br \/>\u2022 Permiten ahorrar tiempo a la hora de precintar manualmente nuestros productos o cajas.<br \/>\u2022 Ahorro tambi\u00e9n de material, evitando el desperdicio de cinta adhesiva por cometer errores.<br \/>\u2022 Son muy f\u00e1ciles de utilizar, permitiendo ser utilizadas por personas no profesionales.<br \/>\u2022 Econ\u00f3micas son equipos manuales de j costo<br \/>\u2022 Resultado mucho m\u00e1s preciso y profesional <br \/>\u2022 Evitan accidentes y son mucho m\u00e1s seguras<\/p>\t\t\t\t\t\t<\/div>\n\t\t\t\t<\/div>\n\t\t\t\t\t<\/div>\n\t\t<\/div>\n\t\t\t\t\t<\/div>\n\t\t<\/section>\n\t\t\t\t<\/div>\n\t\t","protected":false},"excerpt":{"rendered":"<p>DISPENSADORES DE CINTAS CARACTERISTICASDE DISPENSADOR SE CINTAS DE EMBALAJE Un dispensador decinta adhesiva es una herramienta de embalaje muy sencilla y \u00fatil para ahorrar para cerrar nuestras cajas o productos. Ya sea para el cerrado de cajas como protecci\u00f3n de los productos para su env\u00edo, transporte o almacenamiento en un almac\u00e9n. El dispensador dispone de [&hellip;]<\/p>\n","protected":false},"author":1,"featured_media":0,"parent":0,"menu_order":0,"comment_status":"closed","ping_status":"closed","template":"","meta":{"content-type":"","footnotes":""},"class_list":["post-826","page","type-page","status-publish","hentry"],"yoast_head":"<!-- This site is optimized with the Yoast SEO plugin v21.9.1 - https:\/\/yoast.com\/wordpress\/plugins\/seo\/ -->\n<title>Dispensadores de Cinta - Pack Film<\/title>\n<meta name=\"robots\" content=\"index, follow, max-snippet:-1, max-image-preview:large, max-video-preview:-1\" \/>\n<link rel=\"canonical\" href=\"https:\/\/www.packfilm.com.ec\/?page_id=826\" \/>\n<meta property=\"og:locale\" content=\"es_ES\" \/>\n<meta property=\"og:type\" content=\"article\" \/>\n<meta property=\"og:title\" content=\"Dispensadores de Cinta - Pack Film\" \/>\n<meta property=\"og:description\" content=\"DISPENSADORES DE CINTAS CARACTERISTICASDE DISPENSADOR SE CINTAS DE EMBALAJE Un dispensador decinta adhesiva es una herramienta de embalaje muy sencilla y \u00fatil para ahorrar para cerrar nuestras cajas o productos. Ya sea para el cerrado de cajas como protecci\u00f3n de los productos para su env\u00edo, transporte o almacenamiento en un almac\u00e9n. El dispensador dispone de [&hellip;]\" \/>\n<meta property=\"og:url\" content=\"https:\/\/www.packfilm.com.ec\/?page_id=826\" \/>\n<meta property=\"og:site_name\" content=\"Pack Film\" \/>\n<meta property=\"article:modified_time\" content=\"2024-03-13T10:50:11+00:00\" \/>\n<meta property=\"og:image\" content=\"https:\/\/www.packfilm.com.ec\/wp-content\/uploads\/2024\/03\/DISPENSADOR-CINTA-DE-EMBALAR-1030x1030.jpg\" \/>\n<meta name=\"twitter:card\" content=\"summary_large_image\" \/>\n<meta name=\"twitter:label1\" content=\"Tiempo de lectura\" \/>\n\t<meta name=\"twitter:data1\" content=\"2 minutos\" \/>\n<script type=\"application\/ld+json\" class=\"yoast-schema-graph\">{\"@context\":\"https:\/\/schema.org\",\"@graph\":[{\"@type\":\"WebPage\",\"@id\":\"https:\/\/www.packfilm.com.ec\/?page_id=826\",\"url\":\"https:\/\/www.packfilm.com.ec\/?page_id=826\",\"name\":\"Dispensadores de Cinta - Pack Film\",\"isPartOf\":{\"@id\":\"https:\/\/www.packfilm.com.ec\/#website\"},\"datePublished\":\"2024-03-13T09:05:40+00:00\",\"dateModified\":\"2024-03-13T10:50:11+00:00\",\"breadcrumb\":{\"@id\":\"https:\/\/www.packfilm.com.ec\/?page_id=826#breadcrumb\"},\"inLanguage\":\"es\",\"potentialAction\":[{\"@type\":\"ReadAction\",\"target\":[\"https:\/\/www.packfilm.com.ec\/?page_id=826\"]}]},{\"@type\":\"BreadcrumbList\",\"@id\":\"https:\/\/www.packfilm.com.ec\/?page_id=826#breadcrumb\",\"itemListElement\":[{\"@type\":\"ListItem\",\"position\":1,\"name\":\"Home\",\"item\":\"https:\/\/www.packfilm.com.ec\/\"},{\"@type\":\"ListItem\",\"position\":2,\"name\":\"Dispensadores de Cinta\"}]},{\"@type\":\"WebSite\",\"@id\":\"https:\/\/www.packfilm.com.ec\/#website\",\"url\":\"https:\/\/www.packfilm.com.ec\/\",\"name\":\"Pack Film\",\"description\":\"La Versatilidad De Un Producto En M\u00faltiples Aplicaciones\",\"publisher\":{\"@id\":\"https:\/\/www.packfilm.com.ec\/#organization\"},\"potentialAction\":[{\"@type\":\"SearchAction\",\"target\":{\"@type\":\"EntryPoint\",\"urlTemplate\":\"https:\/\/www.packfilm.com.ec\/?s={search_term_string}\"},\"query-input\":\"required name=search_term_string\"}],\"inLanguage\":\"es\"},{\"@type\":\"Organization\",\"@id\":\"https:\/\/www.packfilm.com.ec\/#organization\",\"name\":\"Pack Film\",\"url\":\"https:\/\/www.packfilm.com.ec\/\",\"logo\":{\"@type\":\"ImageObject\",\"inLanguage\":\"es\",\"@id\":\"https:\/\/www.packfilm.com.ec\/#\/schema\/logo\/image\/\",\"url\":\"https:\/\/www.packfilm.com.ec\/wp-content\/uploads\/2024\/03\/cropped-logo-web2.png\",\"contentUrl\":\"https:\/\/www.packfilm.com.ec\/wp-content\/uploads\/2024\/03\/cropped-logo-web2.png\",\"width\":220,\"height\":125,\"caption\":\"Pack Film\"},\"image\":{\"@id\":\"https:\/\/www.packfilm.com.ec\/#\/schema\/logo\/image\/\"}}]}<\/script>\n<!-- \/ Yoast SEO plugin. -->","yoast_head_json":{"title":"Dispensadores de Cinta - Pack Film","robots":{"index":"index","follow":"follow","max-snippet":"max-snippet:-1","max-image-preview":"max-image-preview:large","max-video-preview":"max-video-preview:-1"},"canonical":"https:\/\/www.packfilm.com.ec\/?page_id=826","og_locale":"es_ES","og_type":"article","og_title":"Dispensadores de Cinta - Pack Film","og_description":"DISPENSADORES DE CINTAS CARACTERISTICASDE DISPENSADOR SE CINTAS DE EMBALAJE Un dispensador decinta adhesiva es una herramienta de embalaje muy sencilla y \u00fatil para ahorrar para cerrar nuestras cajas o productos. Ya sea para el cerrado de cajas como protecci\u00f3n de los productos para su env\u00edo, transporte o almacenamiento en un almac\u00e9n. El dispensador dispone de [&hellip;]","og_url":"https:\/\/www.packfilm.com.ec\/?page_id=826","og_site_name":"Pack Film","article_modified_time":"2024-03-13T10:50:11+00:00","og_image":[{"url":"https:\/\/www.packfilm.com.ec\/wp-content\/uploads\/2024\/03\/DISPENSADOR-CINTA-DE-EMBALAR-1030x1030.jpg"}],"twitter_card":"summary_large_image","twitter_misc":{"Tiempo de lectura":"2 minutos"},"schema":{"@context":"https:\/\/schema.org","@graph":[{"@type":"WebPage","@id":"https:\/\/www.packfilm.com.ec\/?page_id=826","url":"https:\/\/www.packfilm.com.ec\/?page_id=826","name":"Dispensadores de Cinta - Pack Film","isPartOf":{"@id":"https:\/\/www.packfilm.com.ec\/#website"},"datePublished":"2024-03-13T09:05:40+00:00","dateModified":"2024-03-13T10:50:11+00:00","breadcrumb":{"@id":"https:\/\/www.packfilm.com.ec\/?page_id=826#breadcrumb"},"inLanguage":"es","potentialAction":[{"@type":"ReadAction","target":["https:\/\/www.packfilm.com.ec\/?page_id=826"]}]},{"@type":"BreadcrumbList","@id":"https:\/\/www.packfilm.com.ec\/?page_id=826#breadcrumb","itemListElement":[{"@type":"ListItem","position":1,"name":"Home","item":"https:\/\/www.packfilm.com.ec\/"},{"@type":"ListItem","position":2,"name":"Dispensadores de Cinta"}]},{"@type":"WebSite","@id":"https:\/\/www.packfilm.com.ec\/#website","url":"https:\/\/www.packfilm.com.ec\/","name":"Pack Film","description":"La Versatilidad De Un Producto En M\u00faltiples Aplicaciones","publisher":{"@id":"https:\/\/www.packfilm.com.ec\/#organization"},"potentialAction":[{"@type":"SearchAction","target":{"@type":"EntryPoint","urlTemplate":"https:\/\/www.packfilm.com.ec\/?s={search_term_string}"},"query-input":"required name=search_term_string"}],"inLanguage":"es"},{"@type":"Organization","@id":"https:\/\/www.packfilm.com.ec\/#organization","name":"Pack Film","url":"https:\/\/www.packfilm.com.ec\/","logo":{"@type":"ImageObject","inLanguage":"es","@id":"https:\/\/www.packfilm.com.ec\/#\/schema\/logo\/image\/","url":"https:\/\/www.packfilm.com.ec\/wp-content\/uploads\/2024\/03\/cropped-logo-web2.png","contentUrl":"https:\/\/www.packfilm.com.ec\/wp-content\/uploads\/2024\/03\/cropped-logo-web2.png","width":220,"height":125,"caption":"Pack Film"},"image":{"@id":"https:\/\/www.packfilm.com.ec\/#\/schema\/logo\/image\/"}}]}},"_links":{"self":[{"href":"https:\/\/www.packfilm.com.ec\/index.php?rest_route=\/wp\/v2\/pages\/826","targetHints":{"allow":["GET"]}}],"collection":[{"href":"https:\/\/www.packfilm.com.ec\/index.php?rest_route=\/wp\/v2\/pages"}],"about":[{"href":"https:\/\/www.packfilm.com.ec\/index.php?rest_route=\/wp\/v2\/types\/page"}],"author":[{"embeddable":true,"href":"https:\/\/www.packfilm.com.ec\/index.php?rest_route=\/wp\/v2\/users\/1"}],"replies":[{"embeddable":true,"href":"https:\/\/www.packfilm.com.ec\/index.php?rest_route=%2Fwp%2Fv2%2Fcomments&post=826"}],"version-history":[{"count":10,"href":"https:\/\/www.packfilm.com.ec\/index.php?rest_route=\/wp\/v2\/pages\/826\/revisions"}],"predecessor-version":[{"id":891,"href":"https:\/\/www.packfilm.com.ec\/index.php?rest_route=\/wp\/v2\/pages\/826\/revisions\/891"}],"wp:attachment":[{"href":"https:\/\/www.packfilm.com.ec\/index.php?rest_route=%2Fwp%2Fv2%2Fmedia&parent=826"}],"curies":[{"name":"wp","href":"https:\/\/api.w.org\/{rel}","templated":true}]}}