{"id":824,"date":"2024-03-13T09:03:41","date_gmt":"2024-03-13T09:03:41","guid":{"rendered":"https:\/\/www.packfilm.com.ec\/?page_id=824"},"modified":"2024-03-13T11:03:46","modified_gmt":"2024-03-13T11:03:46","slug":"zunchos","status":"publish","type":"page","link":"https:\/\/www.packfilm.com.ec\/?page_id=824","title":{"rendered":"Zunchos"},"content":{"rendered":"\t\t<div data-elementor-type=\"wp-page\" data-elementor-id=\"824\" class=\"elementor elementor-824\">\n\t\t\t\t\t\t<section class=\"elementor-section elementor-top-section elementor-element elementor-element-619f0d1 elementor-section-full_width elementor-section-stretched elementor-section-height-default elementor-section-height-default\" data-id=\"619f0d1\" data-element_type=\"section\" data-settings=\"{&quot;stretch_section&quot;:&quot;section-stretched&quot;,&quot;background_background&quot;:&quot;classic&quot;}\">\n\t\t\t\t\t\t<div class=\"elementor-container elementor-column-gap-default\">\n\t\t\t\t\t<div class=\"aux-parallax-section elementor-column elementor-col-100 elementor-top-column elementor-element elementor-element-4999590\" data-id=\"4999590\" data-element_type=\"column\">\n\t\t\t<div class=\"elementor-widget-wrap elementor-element-populated\">\n\t\t\t\t\t\t<div class=\"elementor-element elementor-element-3036017 elementor-widget elementor-widget-heading\" data-id=\"3036017\" data-element_type=\"widget\" data-widget_type=\"heading.default\">\n\t\t\t\t<div class=\"elementor-widget-container\">\n\t\t\t<h2 class=\"elementor-heading-title elementor-size-default\">ZUNCHOS<\/h2>\t\t<\/div>\n\t\t\t\t<\/div>\n\t\t\t\t\t<\/div>\n\t\t<\/div>\n\t\t\t\t\t<\/div>\n\t\t<\/section>\n\t\t\t\t<section class=\"elementor-section elementor-top-section elementor-element elementor-element-8904e89 elementor-section-boxed elementor-section-height-default elementor-section-height-default\" data-id=\"8904e89\" data-element_type=\"section\">\n\t\t\t\t\t\t<div class=\"elementor-container elementor-column-gap-default\">\n\t\t\t\t\t<div class=\"aux-parallax-section elementor-column elementor-col-100 elementor-top-column elementor-element elementor-element-8febabe\" data-id=\"8febabe\" data-element_type=\"column\">\n\t\t\t<div class=\"elementor-widget-wrap elementor-element-populated\">\n\t\t\t\t\t\t<div class=\"elementor-element elementor-element-e1e2dd3 elementor-widget elementor-widget-text-editor\" data-id=\"e1e2dd3\" data-element_type=\"widget\" data-widget_type=\"text-editor.default\">\n\t\t\t\t<div class=\"elementor-widget-container\">\n\t\t\t\t\t\t\t<p>El zuncho pl\u00e1stico es principalmente utilizado para embalajes en general, tales como pallets, cajas, cajas de pl\u00e1stico y otros tipos de envases.<\/p>\t\t\t\t\t\t<\/div>\n\t\t\t\t<\/div>\n\t\t\t\t\t<\/div>\n\t\t<\/div>\n\t\t\t\t\t<\/div>\n\t\t<\/section>\n\t\t\t\t<section class=\"elementor-section elementor-top-section elementor-element elementor-element-2e28c2a elementor-section-boxed elementor-section-height-default elementor-section-height-default\" data-id=\"2e28c2a\" data-element_type=\"section\">\n\t\t\t\t\t\t<div class=\"elementor-container elementor-column-gap-default\">\n\t\t\t\t\t<div class=\"aux-parallax-section elementor-column elementor-col-50 elementor-top-column elementor-element elementor-element-9bcece2\" data-id=\"9bcece2\" data-element_type=\"column\">\n\t\t\t<div class=\"elementor-widget-wrap elementor-element-populated\">\n\t\t\t\t\t\t<div class=\"elementor-element elementor-element-06214de elementor-widget elementor-widget-text-editor\" data-id=\"06214de\" data-element_type=\"widget\" data-widget_type=\"text-editor.default\">\n\t\t\t\t<div class=\"elementor-widget-container\">\n\t\t\t\t\t\t\t<p><strong>CARACTER\u00cdSTICAS:<\/strong><\/p><ul><li>Aporta estabilidad en el transporte de mercanc\u00edas.<\/li><li>Sellado sin grapas.<\/li><li>Posee una excelente memoria el\u00e1stica, una elevada resistencia y poca elongaci\u00f3n.<\/li><li>Absorbe una gran fuerza de choque.<\/li><li>Gran manejabilidad.<\/li><li>Sustituyen los flejes de acero en muchas aplicaciones.<\/li><li>Resistente a la humedad y a las altas temperaturas.<\/li><li>Dise\u00f1ado para el embalaje pesado como aluminio, productos corrugados, metales, materiales de construcci\u00f3n, cer\u00e1mica y madera<\/li><\/ul>\t\t\t\t\t\t<\/div>\n\t\t\t\t<\/div>\n\t\t\t\t\t<\/div>\n\t\t<\/div>\n\t\t\t\t<div class=\"aux-parallax-section elementor-column elementor-col-50 elementor-top-column elementor-element elementor-element-662f703\" data-id=\"662f703\" data-element_type=\"column\">\n\t\t\t<div class=\"elementor-widget-wrap elementor-element-populated\">\n\t\t\t\t\t\t<div class=\"elementor-element elementor-element-f8a1285 elementor-widget elementor-widget-image\" data-id=\"f8a1285\" data-element_type=\"widget\" data-widget_type=\"image.default\">\n\t\t\t\t<div class=\"elementor-widget-container\">\n\t\t\t\t\t\t\t\t\t\t\t\t\t<img fetchpriority=\"high\" decoding=\"async\" width=\"400\" height=\"400\" src=\"https:\/\/www.packfilm.com.ec\/wp-content\/uploads\/2024\/03\/import-paking-peru-zuncho-1.jpg\" class=\"attachment-large size-large wp-image-892\" alt=\"\" srcset=\"https:\/\/www.packfilm.com.ec\/wp-content\/uploads\/2024\/03\/import-paking-peru-zuncho-1.jpg 400w, https:\/\/www.packfilm.com.ec\/wp-content\/uploads\/2024\/03\/import-paking-peru-zuncho-1-300x300.jpg 300w, https:\/\/www.packfilm.com.ec\/wp-content\/uploads\/2024\/03\/import-paking-peru-zuncho-1-80x80.jpg 80w, https:\/\/www.packfilm.com.ec\/wp-content\/uploads\/2024\/03\/import-paking-peru-zuncho-1-200x200.jpg 200w, https:\/\/www.packfilm.com.ec\/wp-content\/uploads\/2024\/03\/import-paking-peru-zuncho-1-100x100.jpg 100w\" sizes=\"(max-width: 400px) 100vw, 400px\" \/>\t\t\t\t\t\t\t\t\t\t\t\t\t<\/div>\n\t\t\t\t<\/div>\n\t\t\t\t\t<\/div>\n\t\t<\/div>\n\t\t\t\t\t<\/div>\n\t\t<\/section>\n\t\t\t\t<section class=\"elementor-section elementor-top-section elementor-element elementor-element-189ba60 elementor-section-boxed elementor-section-height-default elementor-section-height-default\" data-id=\"189ba60\" data-element_type=\"section\">\n\t\t\t\t\t\t<div class=\"elementor-container elementor-column-gap-default\">\n\t\t\t\t\t<div class=\"aux-parallax-section elementor-column elementor-col-50 elementor-top-column elementor-element elementor-element-2d4c761\" data-id=\"2d4c761\" data-element_type=\"column\">\n\t\t\t<div class=\"elementor-widget-wrap elementor-element-populated\">\n\t\t\t\t\t\t<div class=\"elementor-element elementor-element-07397b5 elementor-widget elementor-widget-text-editor\" data-id=\"07397b5\" data-element_type=\"widget\" data-widget_type=\"text-editor.default\">\n\t\t\t\t<div class=\"elementor-widget-container\">\n\t\t\t\t\t\t\t<p><strong>BENEFICIOS:<\/strong><\/p><p>-Alta resistencia a la ruptura.<br \/>-Excelente sellado, engrapando con m\u00e1quinas autom\u00e1ticas.<br \/>-Medidas: 1\/2\u201d, 3\/4\u201d<br \/>-Espesores: 0.6 mm a 1 mm.<br \/>-Color: Negro Amarillo.<\/p>\t\t\t\t\t\t<\/div>\n\t\t\t\t<\/div>\n\t\t\t\t\t<\/div>\n\t\t<\/div>\n\t\t\t\t<div class=\"aux-parallax-section elementor-column elementor-col-50 elementor-top-column elementor-element elementor-element-f1948e6\" data-id=\"f1948e6\" data-element_type=\"column\">\n\t\t\t<div class=\"elementor-widget-wrap elementor-element-populated\">\n\t\t\t\t\t\t<div class=\"elementor-element elementor-element-27c2f5c elementor-widget elementor-widget-text-editor\" data-id=\"27c2f5c\" data-element_type=\"widget\" data-widget_type=\"text-editor.default\">\n\t\t\t\t<div class=\"elementor-widget-container\">\n\t\t\t\t\t\t\t<p><strong>APLICACIONES:<\/strong><\/p><p>Puede ser aplicado en varios sectores: construcci\u00f3n, log\u00edstica, industria sider\u00fargica, industria maderera, industria de fibras naturales y artificiales, bebidas de cart\u00f3n ondulado.<\/p>\t\t\t\t\t\t<\/div>\n\t\t\t\t<\/div>\n\t\t\t\t\t<\/div>\n\t\t<\/div>\n\t\t\t\t\t<\/div>\n\t\t<\/section>\n\t\t\t\t<\/div>\n\t\t","protected":false},"excerpt":{"rendered":"<p>ZUNCHOS El zuncho pl\u00e1stico es principalmente utilizado para embalajes en general, tales como pallets, cajas, cajas de pl\u00e1stico y otros tipos de envases. CARACTER\u00cdSTICAS: Aporta estabilidad en el transporte de mercanc\u00edas. Sellado sin grapas. Posee una excelente memoria el\u00e1stica, una elevada resistencia y poca elongaci\u00f3n. Absorbe una gran fuerza de choque. Gran manejabilidad. Sustituyen los [&hellip;]<\/p>\n","protected":false},"author":1,"featured_media":0,"parent":0,"menu_order":0,"comment_status":"closed","ping_status":"closed","template":"","meta":{"content-type":"","footnotes":""},"class_list":["post-824","page","type-page","status-publish","hentry"],"yoast_head":"<!-- This site is optimized with the Yoast SEO plugin v21.9.1 - https:\/\/yoast.com\/wordpress\/plugins\/seo\/ -->\n<title>Zunchos - Pack Film<\/title>\n<meta name=\"robots\" content=\"index, follow, max-snippet:-1, max-image-preview:large, max-video-preview:-1\" \/>\n<link rel=\"canonical\" href=\"https:\/\/www.packfilm.com.ec\/?page_id=824\" \/>\n<meta property=\"og:locale\" content=\"es_ES\" \/>\n<meta property=\"og:type\" content=\"article\" \/>\n<meta property=\"og:title\" content=\"Zunchos - Pack Film\" \/>\n<meta property=\"og:description\" content=\"ZUNCHOS El zuncho pl\u00e1stico es principalmente utilizado para embalajes en general, tales como pallets, cajas, cajas de pl\u00e1stico y otros tipos de envases. CARACTER\u00cdSTICAS: Aporta estabilidad en el transporte de mercanc\u00edas. Sellado sin grapas. Posee una excelente memoria el\u00e1stica, una elevada resistencia y poca elongaci\u00f3n. Absorbe una gran fuerza de choque. Gran manejabilidad. Sustituyen los [&hellip;]\" \/>\n<meta property=\"og:url\" content=\"https:\/\/www.packfilm.com.ec\/?page_id=824\" \/>\n<meta property=\"og:site_name\" content=\"Pack Film\" \/>\n<meta property=\"article:modified_time\" content=\"2024-03-13T11:03:46+00:00\" \/>\n<meta property=\"og:image\" content=\"https:\/\/www.packfilm.com.ec\/wp-content\/uploads\/2024\/03\/import-paking-peru-zuncho-1.jpg\" \/>\n<meta name=\"twitter:card\" content=\"summary_large_image\" \/>\n<meta name=\"twitter:label1\" content=\"Tiempo de lectura\" \/>\n\t<meta name=\"twitter:data1\" content=\"1 minuto\" \/>\n<script type=\"application\/ld+json\" class=\"yoast-schema-graph\">{\"@context\":\"https:\/\/schema.org\",\"@graph\":[{\"@type\":\"WebPage\",\"@id\":\"https:\/\/www.packfilm.com.ec\/?page_id=824\",\"url\":\"https:\/\/www.packfilm.com.ec\/?page_id=824\",\"name\":\"Zunchos - Pack Film\",\"isPartOf\":{\"@id\":\"https:\/\/www.packfilm.com.ec\/#website\"},\"datePublished\":\"2024-03-13T09:03:41+00:00\",\"dateModified\":\"2024-03-13T11:03:46+00:00\",\"breadcrumb\":{\"@id\":\"https:\/\/www.packfilm.com.ec\/?page_id=824#breadcrumb\"},\"inLanguage\":\"es\",\"potentialAction\":[{\"@type\":\"ReadAction\",\"target\":[\"https:\/\/www.packfilm.com.ec\/?page_id=824\"]}]},{\"@type\":\"BreadcrumbList\",\"@id\":\"https:\/\/www.packfilm.com.ec\/?page_id=824#breadcrumb\",\"itemListElement\":[{\"@type\":\"ListItem\",\"position\":1,\"name\":\"Home\",\"item\":\"https:\/\/www.packfilm.com.ec\/\"},{\"@type\":\"ListItem\",\"position\":2,\"name\":\"Zunchos\"}]},{\"@type\":\"WebSite\",\"@id\":\"https:\/\/www.packfilm.com.ec\/#website\",\"url\":\"https:\/\/www.packfilm.com.ec\/\",\"name\":\"Pack Film\",\"description\":\"La Versatilidad De Un Producto En M\u00faltiples Aplicaciones\",\"publisher\":{\"@id\":\"https:\/\/www.packfilm.com.ec\/#organization\"},\"potentialAction\":[{\"@type\":\"SearchAction\",\"target\":{\"@type\":\"EntryPoint\",\"urlTemplate\":\"https:\/\/www.packfilm.com.ec\/?s={search_term_string}\"},\"query-input\":\"required name=search_term_string\"}],\"inLanguage\":\"es\"},{\"@type\":\"Organization\",\"@id\":\"https:\/\/www.packfilm.com.ec\/#organization\",\"name\":\"Pack Film\",\"url\":\"https:\/\/www.packfilm.com.ec\/\",\"logo\":{\"@type\":\"ImageObject\",\"inLanguage\":\"es\",\"@id\":\"https:\/\/www.packfilm.com.ec\/#\/schema\/logo\/image\/\",\"url\":\"https:\/\/www.packfilm.com.ec\/wp-content\/uploads\/2024\/03\/cropped-logo-web2.png\",\"contentUrl\":\"https:\/\/www.packfilm.com.ec\/wp-content\/uploads\/2024\/03\/cropped-logo-web2.png\",\"width\":220,\"height\":125,\"caption\":\"Pack Film\"},\"image\":{\"@id\":\"https:\/\/www.packfilm.com.ec\/#\/schema\/logo\/image\/\"}}]}<\/script>\n<!-- \/ Yoast SEO plugin. -->","yoast_head_json":{"title":"Zunchos - Pack Film","robots":{"index":"index","follow":"follow","max-snippet":"max-snippet:-1","max-image-preview":"max-image-preview:large","max-video-preview":"max-video-preview:-1"},"canonical":"https:\/\/www.packfilm.com.ec\/?page_id=824","og_locale":"es_ES","og_type":"article","og_title":"Zunchos - Pack Film","og_description":"ZUNCHOS El zuncho pl\u00e1stico es principalmente utilizado para embalajes en general, tales como pallets, cajas, cajas de pl\u00e1stico y otros tipos de envases. CARACTER\u00cdSTICAS: Aporta estabilidad en el transporte de mercanc\u00edas. Sellado sin grapas. Posee una excelente memoria el\u00e1stica, una elevada resistencia y poca elongaci\u00f3n. Absorbe una gran fuerza de choque. Gran manejabilidad. Sustituyen los [&hellip;]","og_url":"https:\/\/www.packfilm.com.ec\/?page_id=824","og_site_name":"Pack Film","article_modified_time":"2024-03-13T11:03:46+00:00","og_image":[{"url":"https:\/\/www.packfilm.com.ec\/wp-content\/uploads\/2024\/03\/import-paking-peru-zuncho-1.jpg"}],"twitter_card":"summary_large_image","twitter_misc":{"Tiempo de lectura":"1 minuto"},"schema":{"@context":"https:\/\/schema.org","@graph":[{"@type":"WebPage","@id":"https:\/\/www.packfilm.com.ec\/?page_id=824","url":"https:\/\/www.packfilm.com.ec\/?page_id=824","name":"Zunchos - Pack Film","isPartOf":{"@id":"https:\/\/www.packfilm.com.ec\/#website"},"datePublished":"2024-03-13T09:03:41+00:00","dateModified":"2024-03-13T11:03:46+00:00","breadcrumb":{"@id":"https:\/\/www.packfilm.com.ec\/?page_id=824#breadcrumb"},"inLanguage":"es","potentialAction":[{"@type":"ReadAction","target":["https:\/\/www.packfilm.com.ec\/?page_id=824"]}]},{"@type":"BreadcrumbList","@id":"https:\/\/www.packfilm.com.ec\/?page_id=824#breadcrumb","itemListElement":[{"@type":"ListItem","position":1,"name":"Home","item":"https:\/\/www.packfilm.com.ec\/"},{"@type":"ListItem","position":2,"name":"Zunchos"}]},{"@type":"WebSite","@id":"https:\/\/www.packfilm.com.ec\/#website","url":"https:\/\/www.packfilm.com.ec\/","name":"Pack Film","description":"La Versatilidad De Un Producto En M\u00faltiples Aplicaciones","publisher":{"@id":"https:\/\/www.packfilm.com.ec\/#organization"},"potentialAction":[{"@type":"SearchAction","target":{"@type":"EntryPoint","urlTemplate":"https:\/\/www.packfilm.com.ec\/?s={search_term_string}"},"query-input":"required name=search_term_string"}],"inLanguage":"es"},{"@type":"Organization","@id":"https:\/\/www.packfilm.com.ec\/#organization","name":"Pack Film","url":"https:\/\/www.packfilm.com.ec\/","logo":{"@type":"ImageObject","inLanguage":"es","@id":"https:\/\/www.packfilm.com.ec\/#\/schema\/logo\/image\/","url":"https:\/\/www.packfilm.com.ec\/wp-content\/uploads\/2024\/03\/cropped-logo-web2.png","contentUrl":"https:\/\/www.packfilm.com.ec\/wp-content\/uploads\/2024\/03\/cropped-logo-web2.png","width":220,"height":125,"caption":"Pack Film"},"image":{"@id":"https:\/\/www.packfilm.com.ec\/#\/schema\/logo\/image\/"}}]}},"_links":{"self":[{"href":"https:\/\/www.packfilm.com.ec\/index.php?rest_route=\/wp\/v2\/pages\/824","targetHints":{"allow":["GET"]}}],"collection":[{"href":"https:\/\/www.packfilm.com.ec\/index.php?rest_route=\/wp\/v2\/pages"}],"about":[{"href":"https:\/\/www.packfilm.com.ec\/index.php?rest_route=\/wp\/v2\/types\/page"}],"author":[{"embeddable":true,"href":"https:\/\/www.packfilm.com.ec\/index.php?rest_route=\/wp\/v2\/users\/1"}],"replies":[{"embeddable":true,"href":"https:\/\/www.packfilm.com.ec\/index.php?rest_route=%2Fwp%2Fv2%2Fcomments&post=824"}],"version-history":[{"count":7,"href":"https:\/\/www.packfilm.com.ec\/index.php?rest_route=\/wp\/v2\/pages\/824\/revisions"}],"predecessor-version":[{"id":898,"href":"https:\/\/www.packfilm.com.ec\/index.php?rest_route=\/wp\/v2\/pages\/824\/revisions\/898"}],"wp:attachment":[{"href":"https:\/\/www.packfilm.com.ec\/index.php?rest_route=%2Fwp%2Fv2%2Fmedia&parent=824"}],"curies":[{"name":"wp","href":"https:\/\/api.w.org\/{rel}","templated":true}]}}