{"id":822,"date":"2024-03-13T09:01:55","date_gmt":"2024-03-13T09:01:55","guid":{"rendered":"https:\/\/www.packfilm.com.ec\/?page_id=822"},"modified":"2024-03-13T11:14:45","modified_gmt":"2024-03-13T11:14:45","slug":"cintas-de-embalaje","status":"publish","type":"page","link":"https:\/\/www.packfilm.com.ec\/?page_id=822","title":{"rendered":"Cintas de Embalaje"},"content":{"rendered":"\t\t<div data-elementor-type=\"wp-page\" data-elementor-id=\"822\" class=\"elementor elementor-822\">\n\t\t\t\t\t\t<section class=\"elementor-section elementor-top-section elementor-element elementor-element-a8725a2 elementor-section-full_width elementor-section-stretched elementor-section-height-default elementor-section-height-default\" data-id=\"a8725a2\" data-element_type=\"section\" data-settings=\"{&quot;stretch_section&quot;:&quot;section-stretched&quot;,&quot;background_background&quot;:&quot;classic&quot;}\">\n\t\t\t\t\t\t<div class=\"elementor-container elementor-column-gap-default\">\n\t\t\t\t\t<div class=\"aux-parallax-section elementor-column elementor-col-100 elementor-top-column elementor-element elementor-element-6b86f2a\" data-id=\"6b86f2a\" data-element_type=\"column\">\n\t\t\t<div class=\"elementor-widget-wrap elementor-element-populated\">\n\t\t\t\t\t\t<div class=\"elementor-element elementor-element-f2f9586 elementor-widget elementor-widget-heading\" data-id=\"f2f9586\" data-element_type=\"widget\" data-widget_type=\"heading.default\">\n\t\t\t\t<div class=\"elementor-widget-container\">\n\t\t\t<h2 class=\"elementor-heading-title elementor-size-default\">CINTAS DE EMBALAJE<\/h2>\t\t<\/div>\n\t\t\t\t<\/div>\n\t\t\t\t\t<\/div>\n\t\t<\/div>\n\t\t\t\t\t<\/div>\n\t\t<\/section>\n\t\t\t\t<section class=\"elementor-section elementor-top-section elementor-element elementor-element-c3c31b9 elementor-section-boxed elementor-section-height-default elementor-section-height-default\" data-id=\"c3c31b9\" data-element_type=\"section\">\n\t\t\t\t\t\t<div class=\"elementor-container elementor-column-gap-default\">\n\t\t\t\t\t<div class=\"aux-parallax-section elementor-column elementor-col-100 elementor-top-column elementor-element elementor-element-663643d\" data-id=\"663643d\" data-element_type=\"column\">\n\t\t\t<div class=\"elementor-widget-wrap elementor-element-populated\">\n\t\t\t\t\t\t<div class=\"elementor-element elementor-element-2878f1e elementor-widget elementor-widget-text-editor\" data-id=\"2878f1e\" data-element_type=\"widget\" data-widget_type=\"text-editor.default\">\n\t\t\t\t<div class=\"elementor-widget-container\">\n\t\t\t\t\t\t\t<p>Cinta adhesiva industrial est\u00e1 elaborado con\u00a0 polipropileno biorientado y adhesivo acr\u00edlico de base acuosa dise\u00f1ada para aplicaciones que requieren alta resistencia a la tracci\u00f3n, buena adhesi\u00f3n y soportar temperaturas de trabajo extremas.<\/p>\t\t\t\t\t\t<\/div>\n\t\t\t\t<\/div>\n\t\t\t\t\t<\/div>\n\t\t<\/div>\n\t\t\t\t\t<\/div>\n\t\t<\/section>\n\t\t\t\t<section class=\"elementor-section elementor-top-section elementor-element elementor-element-7cbb69f elementor-section-boxed elementor-section-height-default elementor-section-height-default\" data-id=\"7cbb69f\" data-element_type=\"section\">\n\t\t\t\t\t\t<div class=\"elementor-container elementor-column-gap-default\">\n\t\t\t\t\t<div class=\"aux-parallax-section elementor-column elementor-col-50 elementor-top-column elementor-element elementor-element-0105659\" data-id=\"0105659\" data-element_type=\"column\">\n\t\t\t<div class=\"elementor-widget-wrap elementor-element-populated\">\n\t\t\t\t\t\t<div class=\"elementor-element elementor-element-7ea0787 elementor-widget elementor-widget-text-editor\" data-id=\"7ea0787\" data-element_type=\"widget\" data-widget_type=\"text-editor.default\">\n\t\t\t\t<div class=\"elementor-widget-container\">\n\t\t\t\t\t\t\t<p><strong>CARACTERISTICAS<\/strong><\/p><ul><li>Excelente adherencia a todo tipos de cajas de cart\u00f3n corrugado, papel, pl\u00e1sticos y una gran variedad de otros materiales<\/li><li>Mantiene la adherencia inclusive en temperaturas extremas<\/li><li>Adhesivo de larga duraci\u00f3n<\/li><li>Alta resistencia al rasgado<\/li><li>Excelente resistencia mec\u00e1nica.<\/li><li>Garantiza integridad del contenido<\/li><\/ul>\t\t\t\t\t\t<\/div>\n\t\t\t\t<\/div>\n\t\t\t\t\t<\/div>\n\t\t<\/div>\n\t\t\t\t<div class=\"aux-parallax-section elementor-column elementor-col-50 elementor-top-column elementor-element elementor-element-a946def\" data-id=\"a946def\" data-element_type=\"column\">\n\t\t\t<div class=\"elementor-widget-wrap elementor-element-populated\">\n\t\t\t\t\t\t<div class=\"elementor-element elementor-element-a2d5099 elementor-widget elementor-widget-image\" data-id=\"a2d5099\" data-element_type=\"widget\" data-widget_type=\"image.default\">\n\t\t\t\t<div class=\"elementor-widget-container\">\n\t\t\t\t\t\t\t\t\t\t\t\t\t<img fetchpriority=\"high\" decoding=\"async\" width=\"300\" height=\"300\" src=\"https:\/\/www.packfilm.com.ec\/wp-content\/uploads\/2024\/03\/PL0380.jpg\" class=\"attachment-large size-large wp-image-900\" alt=\"\" srcset=\"https:\/\/www.packfilm.com.ec\/wp-content\/uploads\/2024\/03\/PL0380.jpg 300w, https:\/\/www.packfilm.com.ec\/wp-content\/uploads\/2024\/03\/PL0380-80x80.jpg 80w, https:\/\/www.packfilm.com.ec\/wp-content\/uploads\/2024\/03\/PL0380-200x200.jpg 200w, https:\/\/www.packfilm.com.ec\/wp-content\/uploads\/2024\/03\/PL0380-100x100.jpg 100w\" sizes=\"(max-width: 300px) 100vw, 300px\" \/>\t\t\t\t\t\t\t\t\t\t\t\t\t<\/div>\n\t\t\t\t<\/div>\n\t\t\t\t\t<\/div>\n\t\t<\/div>\n\t\t\t\t\t<\/div>\n\t\t<\/section>\n\t\t\t\t<section class=\"elementor-section elementor-top-section elementor-element elementor-element-5300fe9 elementor-section-boxed elementor-section-height-default elementor-section-height-default\" data-id=\"5300fe9\" data-element_type=\"section\">\n\t\t\t\t\t\t<div class=\"elementor-container elementor-column-gap-default\">\n\t\t\t\t\t<div class=\"aux-parallax-section elementor-column elementor-col-33 elementor-top-column elementor-element elementor-element-a8ff4ac\" data-id=\"a8ff4ac\" data-element_type=\"column\">\n\t\t\t<div class=\"elementor-widget-wrap elementor-element-populated\">\n\t\t\t\t\t\t<div class=\"elementor-element elementor-element-e6dc49c elementor-widget elementor-widget-text-editor\" data-id=\"e6dc49c\" data-element_type=\"widget\" data-widget_type=\"text-editor.default\">\n\t\t\t\t<div class=\"elementor-widget-container\">\n\t\t\t\t\t\t\t<p><strong>USO<\/strong><\/p><ul><li>Dise\u00f1ada para aplicaci\u00f3n de uso pr\u00e1ctico en sellado de cajas y embalaje en general<\/li><li>Cinta para uso industrial, para cajas de peso medio-alto en aplicaci\u00f3n manual o autom\u00e1tica.<\/li><\/ul>\t\t\t\t\t\t<\/div>\n\t\t\t\t<\/div>\n\t\t\t\t\t<\/div>\n\t\t<\/div>\n\t\t\t\t<div class=\"aux-parallax-section elementor-column elementor-col-33 elementor-top-column elementor-element elementor-element-ff7d197\" data-id=\"ff7d197\" data-element_type=\"column\">\n\t\t\t<div class=\"elementor-widget-wrap elementor-element-populated\">\n\t\t\t\t\t\t<div class=\"elementor-element elementor-element-97898cd elementor-widget elementor-widget-text-editor\" data-id=\"97898cd\" data-element_type=\"widget\" data-widget_type=\"text-editor.default\">\n\t\t\t\t<div class=\"elementor-widget-container\">\n\t\t\t\t\t\t\t<p><u>USO MANUAL<\/u><\/p><ul><li>Cinta 48mmX80 YD Transparente<\/li><li>Cinta 48mmX100 YD Transparente<\/li><li>Cinta 48mmX200 YD Transparente<\/li><\/ul>\t\t\t\t\t\t<\/div>\n\t\t\t\t<\/div>\n\t\t\t\t\t<\/div>\n\t\t<\/div>\n\t\t\t\t<div class=\"aux-parallax-section elementor-column elementor-col-33 elementor-top-column elementor-element elementor-element-24cb09e\" data-id=\"24cb09e\" data-element_type=\"column\">\n\t\t\t<div class=\"elementor-widget-wrap elementor-element-populated\">\n\t\t\t\t\t\t<div class=\"elementor-element elementor-element-4a5a3fb elementor-widget elementor-widget-text-editor\" data-id=\"4a5a3fb\" data-element_type=\"widget\" data-widget_type=\"text-editor.default\">\n\t\t\t\t<div class=\"elementor-widget-container\">\n\t\t\t\t\t\t\t<p><u>USO MAQUINA<\/u><\/p><ul><li>Cinta 48mmX1000 YD Transparente<\/li><li>Cinta 48mmX1100 YD Transparente<\/li><\/ul>\t\t\t\t\t\t<\/div>\n\t\t\t\t<\/div>\n\t\t\t\t\t<\/div>\n\t\t<\/div>\n\t\t\t\t\t<\/div>\n\t\t<\/section>\n\t\t\t\t<\/div>\n\t\t","protected":false},"excerpt":{"rendered":"<p>CINTAS DE EMBALAJE Cinta adhesiva industrial est\u00e1 elaborado con\u00a0 polipropileno biorientado y adhesivo acr\u00edlico de base acuosa dise\u00f1ada para aplicaciones que requieren alta resistencia a la tracci\u00f3n, buena adhesi\u00f3n y soportar temperaturas de trabajo extremas. CARACTERISTICAS Excelente adherencia a todo tipos de cajas de cart\u00f3n corrugado, papel, pl\u00e1sticos y una gran variedad de otros materiales [&hellip;]<\/p>\n","protected":false},"author":1,"featured_media":0,"parent":0,"menu_order":0,"comment_status":"closed","ping_status":"closed","template":"","meta":{"content-type":"","footnotes":""},"class_list":["post-822","page","type-page","status-publish","hentry"],"yoast_head":"<!-- This site is optimized with the Yoast SEO plugin v21.9.1 - https:\/\/yoast.com\/wordpress\/plugins\/seo\/ -->\n<title>Cintas de Embalaje - Pack Film<\/title>\n<meta name=\"robots\" content=\"index, follow, max-snippet:-1, max-image-preview:large, max-video-preview:-1\" \/>\n<link rel=\"canonical\" href=\"https:\/\/www.packfilm.com.ec\/?page_id=822\" \/>\n<meta property=\"og:locale\" content=\"es_ES\" \/>\n<meta property=\"og:type\" content=\"article\" \/>\n<meta property=\"og:title\" content=\"Cintas de Embalaje - Pack Film\" \/>\n<meta property=\"og:description\" content=\"CINTAS DE EMBALAJE Cinta adhesiva industrial est\u00e1 elaborado con\u00a0 polipropileno biorientado y adhesivo acr\u00edlico de base acuosa dise\u00f1ada para aplicaciones que requieren alta resistencia a la tracci\u00f3n, buena adhesi\u00f3n y soportar temperaturas de trabajo extremas. CARACTERISTICAS Excelente adherencia a todo tipos de cajas de cart\u00f3n corrugado, papel, pl\u00e1sticos y una gran variedad de otros materiales [&hellip;]\" \/>\n<meta property=\"og:url\" content=\"https:\/\/www.packfilm.com.ec\/?page_id=822\" \/>\n<meta property=\"og:site_name\" content=\"Pack Film\" \/>\n<meta property=\"article:modified_time\" content=\"2024-03-13T11:14:45+00:00\" \/>\n<meta property=\"og:image\" content=\"https:\/\/www.packfilm.com.ec\/wp-content\/uploads\/2024\/03\/PL0380.jpg\" \/>\n<meta name=\"twitter:card\" content=\"summary_large_image\" \/>\n<meta name=\"twitter:label1\" content=\"Tiempo de lectura\" \/>\n\t<meta name=\"twitter:data1\" content=\"1 minuto\" \/>\n<script type=\"application\/ld+json\" class=\"yoast-schema-graph\">{\"@context\":\"https:\/\/schema.org\",\"@graph\":[{\"@type\":\"WebPage\",\"@id\":\"https:\/\/www.packfilm.com.ec\/?page_id=822\",\"url\":\"https:\/\/www.packfilm.com.ec\/?page_id=822\",\"name\":\"Cintas de Embalaje - Pack Film\",\"isPartOf\":{\"@id\":\"https:\/\/www.packfilm.com.ec\/#website\"},\"datePublished\":\"2024-03-13T09:01:55+00:00\",\"dateModified\":\"2024-03-13T11:14:45+00:00\",\"breadcrumb\":{\"@id\":\"https:\/\/www.packfilm.com.ec\/?page_id=822#breadcrumb\"},\"inLanguage\":\"es\",\"potentialAction\":[{\"@type\":\"ReadAction\",\"target\":[\"https:\/\/www.packfilm.com.ec\/?page_id=822\"]}]},{\"@type\":\"BreadcrumbList\",\"@id\":\"https:\/\/www.packfilm.com.ec\/?page_id=822#breadcrumb\",\"itemListElement\":[{\"@type\":\"ListItem\",\"position\":1,\"name\":\"Home\",\"item\":\"https:\/\/www.packfilm.com.ec\/\"},{\"@type\":\"ListItem\",\"position\":2,\"name\":\"Cintas de Embalaje\"}]},{\"@type\":\"WebSite\",\"@id\":\"https:\/\/www.packfilm.com.ec\/#website\",\"url\":\"https:\/\/www.packfilm.com.ec\/\",\"name\":\"Pack Film\",\"description\":\"La Versatilidad De Un Producto En M\u00faltiples Aplicaciones\",\"publisher\":{\"@id\":\"https:\/\/www.packfilm.com.ec\/#organization\"},\"potentialAction\":[{\"@type\":\"SearchAction\",\"target\":{\"@type\":\"EntryPoint\",\"urlTemplate\":\"https:\/\/www.packfilm.com.ec\/?s={search_term_string}\"},\"query-input\":\"required name=search_term_string\"}],\"inLanguage\":\"es\"},{\"@type\":\"Organization\",\"@id\":\"https:\/\/www.packfilm.com.ec\/#organization\",\"name\":\"Pack Film\",\"url\":\"https:\/\/www.packfilm.com.ec\/\",\"logo\":{\"@type\":\"ImageObject\",\"inLanguage\":\"es\",\"@id\":\"https:\/\/www.packfilm.com.ec\/#\/schema\/logo\/image\/\",\"url\":\"https:\/\/www.packfilm.com.ec\/wp-content\/uploads\/2024\/03\/cropped-logo-web2.png\",\"contentUrl\":\"https:\/\/www.packfilm.com.ec\/wp-content\/uploads\/2024\/03\/cropped-logo-web2.png\",\"width\":220,\"height\":125,\"caption\":\"Pack Film\"},\"image\":{\"@id\":\"https:\/\/www.packfilm.com.ec\/#\/schema\/logo\/image\/\"}}]}<\/script>\n<!-- \/ Yoast SEO plugin. -->","yoast_head_json":{"title":"Cintas de Embalaje - Pack Film","robots":{"index":"index","follow":"follow","max-snippet":"max-snippet:-1","max-image-preview":"max-image-preview:large","max-video-preview":"max-video-preview:-1"},"canonical":"https:\/\/www.packfilm.com.ec\/?page_id=822","og_locale":"es_ES","og_type":"article","og_title":"Cintas de Embalaje - Pack Film","og_description":"CINTAS DE EMBALAJE Cinta adhesiva industrial est\u00e1 elaborado con\u00a0 polipropileno biorientado y adhesivo acr\u00edlico de base acuosa dise\u00f1ada para aplicaciones que requieren alta resistencia a la tracci\u00f3n, buena adhesi\u00f3n y soportar temperaturas de trabajo extremas. CARACTERISTICAS Excelente adherencia a todo tipos de cajas de cart\u00f3n corrugado, papel, pl\u00e1sticos y una gran variedad de otros materiales [&hellip;]","og_url":"https:\/\/www.packfilm.com.ec\/?page_id=822","og_site_name":"Pack Film","article_modified_time":"2024-03-13T11:14:45+00:00","og_image":[{"url":"https:\/\/www.packfilm.com.ec\/wp-content\/uploads\/2024\/03\/PL0380.jpg"}],"twitter_card":"summary_large_image","twitter_misc":{"Tiempo de lectura":"1 minuto"},"schema":{"@context":"https:\/\/schema.org","@graph":[{"@type":"WebPage","@id":"https:\/\/www.packfilm.com.ec\/?page_id=822","url":"https:\/\/www.packfilm.com.ec\/?page_id=822","name":"Cintas de Embalaje - Pack Film","isPartOf":{"@id":"https:\/\/www.packfilm.com.ec\/#website"},"datePublished":"2024-03-13T09:01:55+00:00","dateModified":"2024-03-13T11:14:45+00:00","breadcrumb":{"@id":"https:\/\/www.packfilm.com.ec\/?page_id=822#breadcrumb"},"inLanguage":"es","potentialAction":[{"@type":"ReadAction","target":["https:\/\/www.packfilm.com.ec\/?page_id=822"]}]},{"@type":"BreadcrumbList","@id":"https:\/\/www.packfilm.com.ec\/?page_id=822#breadcrumb","itemListElement":[{"@type":"ListItem","position":1,"name":"Home","item":"https:\/\/www.packfilm.com.ec\/"},{"@type":"ListItem","position":2,"name":"Cintas de Embalaje"}]},{"@type":"WebSite","@id":"https:\/\/www.packfilm.com.ec\/#website","url":"https:\/\/www.packfilm.com.ec\/","name":"Pack Film","description":"La Versatilidad De Un Producto En M\u00faltiples Aplicaciones","publisher":{"@id":"https:\/\/www.packfilm.com.ec\/#organization"},"potentialAction":[{"@type":"SearchAction","target":{"@type":"EntryPoint","urlTemplate":"https:\/\/www.packfilm.com.ec\/?s={search_term_string}"},"query-input":"required name=search_term_string"}],"inLanguage":"es"},{"@type":"Organization","@id":"https:\/\/www.packfilm.com.ec\/#organization","name":"Pack Film","url":"https:\/\/www.packfilm.com.ec\/","logo":{"@type":"ImageObject","inLanguage":"es","@id":"https:\/\/www.packfilm.com.ec\/#\/schema\/logo\/image\/","url":"https:\/\/www.packfilm.com.ec\/wp-content\/uploads\/2024\/03\/cropped-logo-web2.png","contentUrl":"https:\/\/www.packfilm.com.ec\/wp-content\/uploads\/2024\/03\/cropped-logo-web2.png","width":220,"height":125,"caption":"Pack Film"},"image":{"@id":"https:\/\/www.packfilm.com.ec\/#\/schema\/logo\/image\/"}}]}},"_links":{"self":[{"href":"https:\/\/www.packfilm.com.ec\/index.php?rest_route=\/wp\/v2\/pages\/822","targetHints":{"allow":["GET"]}}],"collection":[{"href":"https:\/\/www.packfilm.com.ec\/index.php?rest_route=\/wp\/v2\/pages"}],"about":[{"href":"https:\/\/www.packfilm.com.ec\/index.php?rest_route=\/wp\/v2\/types\/page"}],"author":[{"embeddable":true,"href":"https:\/\/www.packfilm.com.ec\/index.php?rest_route=\/wp\/v2\/users\/1"}],"replies":[{"embeddable":true,"href":"https:\/\/www.packfilm.com.ec\/index.php?rest_route=%2Fwp%2Fv2%2Fcomments&post=822"}],"version-history":[{"count":10,"href":"https:\/\/www.packfilm.com.ec\/index.php?rest_route=\/wp\/v2\/pages\/822\/revisions"}],"predecessor-version":[{"id":909,"href":"https:\/\/www.packfilm.com.ec\/index.php?rest_route=\/wp\/v2\/pages\/822\/revisions\/909"}],"wp:attachment":[{"href":"https:\/\/www.packfilm.com.ec\/index.php?rest_route=%2Fwp%2Fv2%2Fmedia&parent=822"}],"curies":[{"name":"wp","href":"https:\/\/api.w.org\/{rel}","templated":true}]}}