{"id":445,"date":"2021-06-03T06:19:38","date_gmt":"2021-06-03T06:19:38","guid":{"rendered":"http:\/\/packfilm.com.ec\/index.php\/contact-2\/"},"modified":"2024-02-21T11:29:46","modified_gmt":"2024-02-21T11:29:46","slug":"contact-2","status":"publish","type":"page","link":"https:\/\/www.packfilm.com.ec\/?page_id=445","title":{"rendered":"Contact"},"content":{"rendered":"\t\t<div data-elementor-type=\"wp-page\" data-elementor-id=\"445\" class=\"elementor elementor-445\">\n\t\t\t\t\t\t<section class=\"elementor-section elementor-top-section elementor-element elementor-element-cd9983f elementor-section-boxed elementor-section-height-default elementor-section-height-default\" data-id=\"cd9983f\" data-element_type=\"section\" data-settings=\"{&quot;background_background&quot;:&quot;classic&quot;}\">\n\t\t\t\t\t\t<div class=\"elementor-container elementor-column-gap-no\">\n\t\t\t\t\t<div class=\"aux-parallax-section elementor-column elementor-col-100 elementor-top-column elementor-element elementor-element-a0f293b\" data-id=\"a0f293b\" data-element_type=\"column\">\n\t\t\t<div class=\"elementor-widget-wrap elementor-element-populated\">\n\t\t\t\t\t\t<div class=\"elementor-element elementor-element-0245791 elementor-widget elementor-widget-heading\" data-id=\"0245791\" data-element_type=\"widget\" data-widget_type=\"heading.default\">\n\t\t\t\t<div class=\"elementor-widget-container\">\n\t\t\t<h1 class=\"elementor-heading-title elementor-size-default\">CONT\u00c1CTENOS<\/h1>\t\t<\/div>\n\t\t\t\t<\/div>\n\t\t\t\t\t<\/div>\n\t\t<\/div>\n\t\t\t\t\t<\/div>\n\t\t<\/section>\n\t\t\t\t<section class=\"elementor-section elementor-top-section elementor-element elementor-element-25a7d83 elementor-section-full_width elementor-section-height-default elementor-section-height-default\" data-id=\"25a7d83\" data-element_type=\"section\">\n\t\t\t\t\t\t<div class=\"elementor-container elementor-column-gap-no\">\n\t\t\t\t\t<div class=\"aux-parallax-section elementor-column elementor-col-100 elementor-top-column elementor-element elementor-element-762b1f6\" data-id=\"762b1f6\" data-element_type=\"column\">\n\t\t\t<div class=\"elementor-widget-wrap elementor-element-populated\">\n\t\t\t\t\t\t<div class=\"aux-scroll-anim elementor-element elementor-element-bcf50bd elementor-widget__width-auto elementor-widget elementor-widget-aux_simple_svg\" data-move-in=\"moveVertical\" data-move-out=\"moveVertical\" data-axis-x=\"200\" data-axis-y=\"45\" data-rotate=\"90\" data-scale=\"1\" data-vp-top=\"0.5\" data-vp-bot=\"0.5\" data-el-top=\"0.2\" data-scroll-animation-off=\"1024\" data-id=\"bcf50bd\" data-element_type=\"widget\" data-widget_type=\"aux_simple_svg.default\">\n\t\t\t\t<div class=\"elementor-widget-container\">\n\t\t\t    <div class=\"aux-widget-container aux-simple-svg-container\">\n        <div class=\"aux-widget-container-inner\">\n            <div class=\"aux-the-svg\"><svg xmlns=\"http:\/\/www.w3.org\/2000\/svg\" width=\"77.84\" height=\"101.407\" viewBox=\"0 0 77.84 101.407\">\n  <rect id=\"Rectangle_660\" data-name=\"Rectangle 660\" width=\"10.9\" height=\"117.427\" transform=\"matrix(0.809, 0.588, -0.588, 0.809, 69.022, 0)\" fill=\"#fd4a4a\" \/>\n<\/svg><\/div>\n        <\/div>\n    <\/div>\n    \t\t<\/div>\n\t\t\t\t<\/div>\n\t\t\t\t<div class=\"aux-scroll-anim elementor-element elementor-element-665387f elementor-widget__width-auto elementor-widget elementor-widget-aux_simple_svg\" data-move-in=\"moveVertical\" data-move-out=\"moveVertical\" data-axis-x=\"200\" data-axis-y=\"35\" data-rotate=\"90\" data-scale=\"1\" data-vp-top=\"0.5\" data-vp-bot=\"0.5\" data-el-top=\"0.2\" data-scroll-animation-off=\"1024\" data-id=\"665387f\" data-element_type=\"widget\" data-widget_type=\"aux_simple_svg.default\">\n\t\t\t\t<div class=\"elementor-widget-container\">\n\t\t\t    <div class=\"aux-widget-container aux-simple-svg-container\">\n        <div class=\"aux-widget-container-inner\">\n            <div class=\"aux-the-svg\"><svg xmlns=\"http:\/\/www.w3.org\/2000\/svg\" width=\"121.634\" height=\"161.685\" viewBox=\"0 0 121.634 161.685\">\n  <rect id=\"Rectangle_659\" data-name=\"Rectangle 659\" width=\"10.9\" height=\"191.935\" transform=\"matrix(0.809, 0.588, -0.588, 0.809, 112.816, 0)\" fill=\"#dcdcdc\" \/>\n<\/svg><\/div>\n        <\/div>\n    <\/div>\n    \t\t<\/div>\n\t\t\t\t<\/div>\n\t\t\t\t\t<\/div>\n\t\t<\/div>\n\t\t\t\t\t<\/div>\n\t\t<\/section>\n\t\t\t\t<section class=\"elementor-section elementor-top-section elementor-element elementor-element-d0d3863 elementor-section-boxed elementor-section-height-default elementor-section-height-default\" data-id=\"d0d3863\" data-element_type=\"section\">\n\t\t\t\t\t\t<div class=\"elementor-container elementor-column-gap-no\">\n\t\t\t\t\t<div class=\"aux-parallax-section elementor-column elementor-col-50 elementor-top-column elementor-element elementor-element-375a439\" data-id=\"375a439\" data-element_type=\"column\">\n\t\t\t<div class=\"elementor-widget-wrap elementor-element-populated\">\n\t\t\t\t\t\t<div class=\"elementor-element elementor-element-f74410f aux-appear-watch-animation aux-fade-in-up elementor-widget elementor-widget-aux_modern_heading\" data-id=\"f74410f\" data-element_type=\"widget\" data-widget_type=\"aux_modern_heading.default\">\n\t\t\t\t<div class=\"elementor-widget-container\">\n\t\t\t<section class=\"aux-widget-modern-heading\">\n            <div class=\"aux-widget-inner\"><h2 class=\"aux-modern-heading-primary\">Cont\u00e1ctenos<\/h2><h3 class=\"aux-modern-heading-secondary\"><span class=\"aux-head-highlight\">Escr\u00edbanos<\/span><\/h3><div class=\"aux-modern-heading-description\"><p>Le responderemos en breve<\/p><\/div><\/div>\n        <\/section>\t\t<\/div>\n\t\t\t\t<\/div>\n\t\t\t\t<div class=\"elementor-element elementor-element-9efe6a7 aux-appear-watch-animation aux-fade-in-up elementor-widget elementor-widget-aux_contact_form\" data-id=\"9efe6a7\" data-element_type=\"widget\" data-widget_type=\"aux_contact_form.default\">\n\t\t\t\t<div class=\"elementor-widget-container\">\n\t\t\t<section class=\"widget-container aux-widget-contact-form aux-parent-au77c0b3e5\">            <div class=\"aux-col-wrapper aux-no-gutter\">\n            <!-- @TODO - The output for element here -->\n\n            \n<div class=\"wpcf7 no-js\" id=\"wpcf7-f317-o1\" lang=\"es-ES\" dir=\"ltr\">\n<div class=\"screen-reader-response\"><p role=\"status\" aria-live=\"polite\" aria-atomic=\"true\"><\/p> <ul><\/ul><\/div>\n<form action=\"\/index.php?rest_route=%2Fwp%2Fv2%2Fpages%2F445#wpcf7-f317-o1\" method=\"post\" class=\"wpcf7-form init\" aria-label=\"Formulario de contacto\" novalidate=\"novalidate\" data-status=\"init\">\n<div style=\"display: none;\">\n<input type=\"hidden\" name=\"_wpcf7\" value=\"317\" \/>\n<input type=\"hidden\" name=\"_wpcf7_version\" value=\"5.8.6\" \/>\n<input type=\"hidden\" name=\"_wpcf7_locale\" value=\"es_ES\" \/>\n<input type=\"hidden\" name=\"_wpcf7_unit_tag\" value=\"wpcf7-f317-o1\" \/>\n<input type=\"hidden\" name=\"_wpcf7_container_post\" value=\"0\" \/>\n<input type=\"hidden\" name=\"_wpcf7_posted_data_hash\" value=\"\" \/>\n<\/div>\n<p><label> Nombre<br \/>\n<span class=\"wpcf7-form-control-wrap\" data-name=\"your-name\"><input size=\"40\" class=\"wpcf7-form-control wpcf7-text wpcf7-validates-as-required\" autocomplete=\"name\" aria-required=\"true\" aria-invalid=\"false\" value=\"\" type=\"text\" name=\"your-name\" \/><\/span> <\/label>\n<\/p>\n<p><label> Email<br \/>\n<span class=\"wpcf7-form-control-wrap\" data-name=\"your-email\"><input size=\"40\" class=\"wpcf7-form-control wpcf7-email wpcf7-validates-as-required wpcf7-text wpcf7-validates-as-email\" autocomplete=\"email\" aria-required=\"true\" aria-invalid=\"false\" value=\"\" type=\"email\" name=\"your-email\" \/><\/span> <\/label>\n<\/p>\n<p><label> Asunto<br \/>\n<span class=\"wpcf7-form-control-wrap\" data-name=\"your-subject\"><input size=\"40\" class=\"wpcf7-form-control wpcf7-text wpcf7-validates-as-required\" aria-required=\"true\" aria-invalid=\"false\" value=\"\" type=\"text\" name=\"your-subject\" \/><\/span> <\/label>\n<\/p>\n<p><label> Mensaje (opcional)<br \/>\n<span class=\"wpcf7-form-control-wrap\" data-name=\"your-message\"><textarea cols=\"40\" rows=\"10\" class=\"wpcf7-form-control wpcf7-textarea\" aria-invalid=\"false\" name=\"your-message\"><\/textarea><\/span> <\/label>\n<\/p>\n<p><input class=\"wpcf7-form-control wpcf7-submit has-spinner\" type=\"submit\" value=\"Enviar\" \/>\n<\/p><div class=\"wpcf7-response-output\" aria-hidden=\"true\"><\/div>\n<\/form>\n<\/div>\n\n\n            <\/div><!-- aux-col-wrapper -->\n    <\/section><!-- widget-container -->\t\t<\/div>\n\t\t\t\t<\/div>\n\t\t\t\t\t<\/div>\n\t\t<\/div>\n\t\t\t\t<div class=\"aux-parallax-section elementor-column elementor-col-50 elementor-top-column elementor-element elementor-element-42a92fc\" data-id=\"42a92fc\" data-element_type=\"column\">\n\t\t\t<div class=\"elementor-widget-wrap elementor-element-populated\">\n\t\t\t\t\t\t<div class=\"elementor-element elementor-element-b0767d2 elementor-widget elementor-widget-text-editor\" data-id=\"b0767d2\" data-element_type=\"widget\" data-widget_type=\"text-editor.default\">\n\t\t\t\t<div class=\"elementor-widget-container\">\n\t\t\t\t\t\t\t<iframe src=\"https:\/\/www.google.com\/maps\/embed?pb=!1m14!1m8!1m3!1d15948.14305512609!2d-79.9119639!3d-2.1399731!3m2!1i1024!2i768!4f13.1!3m3!1m2!1s0x902d6d5379ddf16b%3A0xcbb26d4811b67643!2sPack%20Film!5e0!3m2!1ses!2sec!4v1708514457431!5m2!1ses!2sec\" width=\"600\" height=\"450\" style=\"border:0;\" allowfullscreen=\"\" loading=\"lazy\" referrerpolicy=\"no-referrer-when-downgrade\"><\/iframe>\t\t\t\t\t\t<\/div>\n\t\t\t\t<\/div>\n\t\t\t\t<section class=\"elementor-section elementor-inner-section elementor-element elementor-element-be133a3 elementor-section-boxed elementor-section-height-default elementor-section-height-default\" data-id=\"be133a3\" data-element_type=\"section\" data-settings=\"{&quot;background_background&quot;:&quot;classic&quot;}\">\n\t\t\t\t\t\t<div class=\"elementor-container elementor-column-gap-no\">\n\t\t\t\t\t<div class=\"aux-parallax-section elementor-column elementor-col-33 elementor-inner-column elementor-element elementor-element-e58f734\" data-id=\"e58f734\" data-element_type=\"column\">\n\t\t\t<div class=\"elementor-widget-wrap elementor-element-populated\">\n\t\t\t\t\t\t<div class=\"elementor-element elementor-element-c6f1fd1 elementor-widget elementor-widget-aux_text\" data-id=\"c6f1fd1\" data-element_type=\"widget\" data-widget_type=\"aux_text.default\">\n\t\t\t\t<div class=\"elementor-widget-container\">\n\t\t\t<section class=\"widget-container aux-widget-text aux-parent-audc3f8010\">        <div class=\"aux-widget-advanced-text aux-wrap-style-simple aux-ico-pos-top aux-text-left aux-text-resp- aux-text-color-dark aux-text-widget-bg-center  \" >\n        \n            \n            <div class=\"aux-text-inner aux-text-widget-content\">\n                                <h4 class=\"col-title\">Tel\u00e9fono:<\/h4>\n                                <div class=\"widget-content\">\n                                        <p>+593 (9) 8 465 3844<\/p>                <\/div>\n                            <\/div>\n        <\/div>\n                    <div class=\"aux-text-widget-footer\">\n                <div class=\"aux-border-shape-none \">\n                                <\/div>\n            <\/div>\n        \n<\/section><!-- widget-container -->\t\t<\/div>\n\t\t\t\t<\/div>\n\t\t\t\t\t<\/div>\n\t\t<\/div>\n\t\t\t\t<div class=\"aux-parallax-section elementor-column elementor-col-33 elementor-inner-column elementor-element elementor-element-1c79eb0\" data-id=\"1c79eb0\" data-element_type=\"column\">\n\t\t\t<div class=\"elementor-widget-wrap elementor-element-populated\">\n\t\t\t\t\t\t<div class=\"elementor-element elementor-element-49c9652 elementor-widget elementor-widget-aux_text\" data-id=\"49c9652\" data-element_type=\"widget\" data-widget_type=\"aux_text.default\">\n\t\t\t\t<div class=\"elementor-widget-container\">\n\t\t\t<section class=\"widget-container aux-widget-text aux-parent-au6e54bfc7\">        <div class=\"aux-widget-advanced-text aux-wrap-style-simple aux-ico-pos-top aux-text-left aux-text-resp- aux-text-color-dark aux-text-widget-bg-center  \" >\n        \n            \n            <div class=\"aux-text-inner aux-text-widget-content\">\n                                <h4 class=\"col-title\">Direcci\u00f3n:<\/h4>\n                                <div class=\"widget-content\">\n                                        <p>Av. Principal, lotizaci\u00f3n Satirion y Segundo Pasaje 32N<\/p>                <\/div>\n                            <\/div>\n        <\/div>\n                    <div class=\"aux-text-widget-footer\">\n                <div class=\"aux-border-shape-none \">\n                                <\/div>\n            <\/div>\n        \n<\/section><!-- widget-container -->\t\t<\/div>\n\t\t\t\t<\/div>\n\t\t\t\t\t<\/div>\n\t\t<\/div>\n\t\t\t\t<div class=\"aux-parallax-section elementor-column elementor-col-33 elementor-inner-column elementor-element elementor-element-a0c54a1\" data-id=\"a0c54a1\" data-element_type=\"column\">\n\t\t\t<div class=\"elementor-widget-wrap elementor-element-populated\">\n\t\t\t\t\t\t<div class=\"elementor-element elementor-element-a1610c9 elementor-widget elementor-widget-aux_text\" data-id=\"a1610c9\" data-element_type=\"widget\" data-widget_type=\"aux_text.default\">\n\t\t\t\t<div class=\"elementor-widget-container\">\n\t\t\t<section class=\"widget-container aux-widget-text aux-parent-auccabd15d\">        <div class=\"aux-widget-advanced-text aux-wrap-style-simple aux-ico-pos-top aux-text-left aux-text-resp- aux-text-color-dark aux-text-widget-bg-center  \" >\n        \n            \n            <div class=\"aux-text-inner aux-text-widget-content\">\n                                <h4 class=\"col-title\">Email:<\/h4>\n                                <div class=\"widget-content\">\n                                        <p>ventas@packfilm.com.ec<\/p>                <\/div>\n                            <\/div>\n        <\/div>\n                    <div class=\"aux-text-widget-footer\">\n                <div class=\"aux-border-shape-none \">\n                                <\/div>\n            <\/div>\n        \n<\/section><!-- widget-container -->\t\t<\/div>\n\t\t\t\t<\/div>\n\t\t\t\t\t<\/div>\n\t\t<\/div>\n\t\t\t\t\t<\/div>\n\t\t<\/section>\n\t\t\t\t\t<\/div>\n\t\t<\/div>\n\t\t\t\t\t<\/div>\n\t\t<\/section>\n\t\t\t\t<\/div>\n\t\t","protected":false},"excerpt":{"rendered":"<p>CONT\u00c1CTENOS Cont\u00e1ctenos Escr\u00edbanos Le responderemos en breve Nombre Email Asunto Mensaje (opcional) [Enviar &#8220;Submit&#8221;] Tel\u00e9fono: +593 (9) 8 465 3844 Direcci\u00f3n: Av. Principal, lotizaci\u00f3n Satirion y Segundo Pasaje 32N Email: ventas@packfilm.com.ec<\/p>\n","protected":false},"author":1,"featured_media":0,"parent":0,"menu_order":0,"comment_status":"closed","ping_status":"closed","template":"templates\/page-builder-content.php","meta":{"content-type":"","footnotes":""},"class_list":["post-445","page","type-page","status-publish","hentry"],"yoast_head":"<!-- This site is optimized with the Yoast SEO plugin v21.9.1 - https:\/\/yoast.com\/wordpress\/plugins\/seo\/ -->\n<title>Contact - Pack Film<\/title>\n<meta name=\"robots\" content=\"index, follow, max-snippet:-1, max-image-preview:large, max-video-preview:-1\" \/>\n<link rel=\"canonical\" href=\"https:\/\/www.packfilm.com.ec\/?page_id=445\" \/>\n<meta property=\"og:locale\" content=\"es_ES\" \/>\n<meta property=\"og:type\" content=\"article\" \/>\n<meta property=\"og:title\" content=\"Contact - Pack Film\" \/>\n<meta property=\"og:description\" content=\"CONT\u00c1CTENOS Cont\u00e1ctenos Escr\u00edbanos Le responderemos en breve Nombre Email Asunto Mensaje (opcional) [Enviar &#8220;Submit&#8221;] Tel\u00e9fono: +593 (9) 8 465 3844 Direcci\u00f3n: Av. Principal, lotizaci\u00f3n Satirion y Segundo Pasaje 32N Email: ventas@packfilm.com.ec\" \/>\n<meta property=\"og:url\" content=\"https:\/\/www.packfilm.com.ec\/?page_id=445\" \/>\n<meta property=\"og:site_name\" content=\"Pack Film\" \/>\n<meta property=\"article:modified_time\" content=\"2024-02-21T11:29:46+00:00\" \/>\n<meta name=\"twitter:card\" content=\"summary_large_image\" \/>\n<meta name=\"twitter:label1\" content=\"Tiempo de lectura\" \/>\n\t<meta name=\"twitter:data1\" content=\"1 minuto\" \/>\n<script type=\"application\/ld+json\" class=\"yoast-schema-graph\">{\"@context\":\"https:\/\/schema.org\",\"@graph\":[{\"@type\":\"WebPage\",\"@id\":\"https:\/\/www.packfilm.com.ec\/?page_id=445\",\"url\":\"https:\/\/www.packfilm.com.ec\/?page_id=445\",\"name\":\"Contact - Pack Film\",\"isPartOf\":{\"@id\":\"https:\/\/www.packfilm.com.ec\/#website\"},\"datePublished\":\"2021-06-03T06:19:38+00:00\",\"dateModified\":\"2024-02-21T11:29:46+00:00\",\"breadcrumb\":{\"@id\":\"https:\/\/www.packfilm.com.ec\/?page_id=445#breadcrumb\"},\"inLanguage\":\"es\",\"potentialAction\":[{\"@type\":\"ReadAction\",\"target\":[\"https:\/\/www.packfilm.com.ec\/?page_id=445\"]}]},{\"@type\":\"BreadcrumbList\",\"@id\":\"https:\/\/www.packfilm.com.ec\/?page_id=445#breadcrumb\",\"itemListElement\":[{\"@type\":\"ListItem\",\"position\":1,\"name\":\"Home\",\"item\":\"https:\/\/www.packfilm.com.ec\/\"},{\"@type\":\"ListItem\",\"position\":2,\"name\":\"Contact\"}]},{\"@type\":\"WebSite\",\"@id\":\"https:\/\/www.packfilm.com.ec\/#website\",\"url\":\"https:\/\/www.packfilm.com.ec\/\",\"name\":\"Pack Film\",\"description\":\"La Versatilidad De Un Producto En M\u00faltiples Aplicaciones\",\"publisher\":{\"@id\":\"https:\/\/www.packfilm.com.ec\/#organization\"},\"potentialAction\":[{\"@type\":\"SearchAction\",\"target\":{\"@type\":\"EntryPoint\",\"urlTemplate\":\"https:\/\/www.packfilm.com.ec\/?s={search_term_string}\"},\"query-input\":\"required name=search_term_string\"}],\"inLanguage\":\"es\"},{\"@type\":\"Organization\",\"@id\":\"https:\/\/www.packfilm.com.ec\/#organization\",\"name\":\"Pack Film\",\"url\":\"https:\/\/www.packfilm.com.ec\/\",\"logo\":{\"@type\":\"ImageObject\",\"inLanguage\":\"es\",\"@id\":\"https:\/\/www.packfilm.com.ec\/#\/schema\/logo\/image\/\",\"url\":\"https:\/\/www.packfilm.com.ec\/wp-content\/uploads\/2024\/03\/cropped-logo-web2.png\",\"contentUrl\":\"https:\/\/www.packfilm.com.ec\/wp-content\/uploads\/2024\/03\/cropped-logo-web2.png\",\"width\":220,\"height\":125,\"caption\":\"Pack Film\"},\"image\":{\"@id\":\"https:\/\/www.packfilm.com.ec\/#\/schema\/logo\/image\/\"}}]}<\/script>\n<!-- \/ Yoast SEO plugin. -->","yoast_head_json":{"title":"Contact - Pack Film","robots":{"index":"index","follow":"follow","max-snippet":"max-snippet:-1","max-image-preview":"max-image-preview:large","max-video-preview":"max-video-preview:-1"},"canonical":"https:\/\/www.packfilm.com.ec\/?page_id=445","og_locale":"es_ES","og_type":"article","og_title":"Contact - Pack Film","og_description":"CONT\u00c1CTENOS Cont\u00e1ctenos Escr\u00edbanos Le responderemos en breve Nombre Email Asunto Mensaje (opcional) [Enviar &#8220;Submit&#8221;] Tel\u00e9fono: +593 (9) 8 465 3844 Direcci\u00f3n: Av. Principal, lotizaci\u00f3n Satirion y Segundo Pasaje 32N Email: ventas@packfilm.com.ec","og_url":"https:\/\/www.packfilm.com.ec\/?page_id=445","og_site_name":"Pack Film","article_modified_time":"2024-02-21T11:29:46+00:00","twitter_card":"summary_large_image","twitter_misc":{"Tiempo de lectura":"1 minuto"},"schema":{"@context":"https:\/\/schema.org","@graph":[{"@type":"WebPage","@id":"https:\/\/www.packfilm.com.ec\/?page_id=445","url":"https:\/\/www.packfilm.com.ec\/?page_id=445","name":"Contact - Pack Film","isPartOf":{"@id":"https:\/\/www.packfilm.com.ec\/#website"},"datePublished":"2021-06-03T06:19:38+00:00","dateModified":"2024-02-21T11:29:46+00:00","breadcrumb":{"@id":"https:\/\/www.packfilm.com.ec\/?page_id=445#breadcrumb"},"inLanguage":"es","potentialAction":[{"@type":"ReadAction","target":["https:\/\/www.packfilm.com.ec\/?page_id=445"]}]},{"@type":"BreadcrumbList","@id":"https:\/\/www.packfilm.com.ec\/?page_id=445#breadcrumb","itemListElement":[{"@type":"ListItem","position":1,"name":"Home","item":"https:\/\/www.packfilm.com.ec\/"},{"@type":"ListItem","position":2,"name":"Contact"}]},{"@type":"WebSite","@id":"https:\/\/www.packfilm.com.ec\/#website","url":"https:\/\/www.packfilm.com.ec\/","name":"Pack Film","description":"La Versatilidad De Un Producto En M\u00faltiples Aplicaciones","publisher":{"@id":"https:\/\/www.packfilm.com.ec\/#organization"},"potentialAction":[{"@type":"SearchAction","target":{"@type":"EntryPoint","urlTemplate":"https:\/\/www.packfilm.com.ec\/?s={search_term_string}"},"query-input":"required name=search_term_string"}],"inLanguage":"es"},{"@type":"Organization","@id":"https:\/\/www.packfilm.com.ec\/#organization","name":"Pack Film","url":"https:\/\/www.packfilm.com.ec\/","logo":{"@type":"ImageObject","inLanguage":"es","@id":"https:\/\/www.packfilm.com.ec\/#\/schema\/logo\/image\/","url":"https:\/\/www.packfilm.com.ec\/wp-content\/uploads\/2024\/03\/cropped-logo-web2.png","contentUrl":"https:\/\/www.packfilm.com.ec\/wp-content\/uploads\/2024\/03\/cropped-logo-web2.png","width":220,"height":125,"caption":"Pack Film"},"image":{"@id":"https:\/\/www.packfilm.com.ec\/#\/schema\/logo\/image\/"}}]}},"_links":{"self":[{"href":"https:\/\/www.packfilm.com.ec\/index.php?rest_route=\/wp\/v2\/pages\/445","targetHints":{"allow":["GET"]}}],"collection":[{"href":"https:\/\/www.packfilm.com.ec\/index.php?rest_route=\/wp\/v2\/pages"}],"about":[{"href":"https:\/\/www.packfilm.com.ec\/index.php?rest_route=\/wp\/v2\/types\/page"}],"author":[{"embeddable":true,"href":"https:\/\/www.packfilm.com.ec\/index.php?rest_route=\/wp\/v2\/users\/1"}],"replies":[{"embeddable":true,"href":"https:\/\/www.packfilm.com.ec\/index.php?rest_route=%2Fwp%2Fv2%2Fcomments&post=445"}],"version-history":[{"count":10,"href":"https:\/\/www.packfilm.com.ec\/index.php?rest_route=\/wp\/v2\/pages\/445\/revisions"}],"predecessor-version":[{"id":673,"href":"https:\/\/www.packfilm.com.ec\/index.php?rest_route=\/wp\/v2\/pages\/445\/revisions\/673"}],"wp:attachment":[{"href":"https:\/\/www.packfilm.com.ec\/index.php?rest_route=%2Fwp%2Fv2%2Fmedia&parent=445"}],"curies":[{"name":"wp","href":"https:\/\/api.w.org\/{rel}","templated":true}]}}